{"id":262,"date":"2023-12-01T09:47:53","date_gmt":"2023-12-01T08:47:53","guid":{"rendered":"https:\/\/kjp-aachen.de\/?page_id=262"},"modified":"2026-01-27T11:28:57","modified_gmt":"2026-01-27T10:28:57","slug":"kjp","status":"publish","type":"page","link":"https:\/\/kjp-aachen.de\/","title":{"rendered":"KJP Aachen"},"content":{"rendered":"\t\t<div data-elementor-type=\"wp-page\" data-elementor-id=\"262\" class=\"elementor elementor-262\" data-elementor-post-type=\"page\">\n\t\t\t\t<div class=\"elementor-element elementor-element-64515de0 e-con-full e-flex e-con e-parent\" data-id=\"64515de0\" data-element_type=\"container\" data-e-type=\"container\" data-settings=\"{&quot;background_background&quot;:&quot;classic&quot;}\">\n\t\t\t\t<div class=\"elementor-element elementor-element-6f543857 elementor-widget elementor-widget-heading\" data-id=\"6f543857\" data-element_type=\"widget\" data-e-type=\"widget\" data-widget_type=\"heading.default\">\n\t\t\t\t<div class=\"elementor-widget-container\">\n\t\t\t\t\t<h1 class=\"elementor-heading-title elementor-size-default\"><b>Kinderpsychiater Aachen<\/b><br>Ihr ambulantes Zentrum f\u00fcr eine einf\u00fchlsame und professionelle Behandlung<\/h1>\t\t\t\t<\/div>\n\t\t\t\t<\/div>\n\t\t\t\t<\/div>\n\t\t<div class=\"elementor-element elementor-element-0d4583b e-con-full e-flex e-con e-parent\" data-id=\"0d4583b\" data-element_type=\"container\" data-e-type=\"container\">\n\t\t\t\t<div class=\"elementor-element elementor-element-f62528f elementor-widget__width-initial elementor-widget-mobile__width-inherit elementor-widget elementor-widget-text-editor\" data-id=\"f62528f\" data-element_type=\"widget\" data-e-type=\"widget\" data-widget_type=\"text-editor.default\">\n\t\t\t\t<div class=\"elementor-widget-container\">\n\t\t\t\t\t\t\t\t\t<p>Wir freuen uns, Sie und Ihr Kind in unserem ambulanten Zentrum f\u00fcr Kinder- und Jugendpsychiatrie begr\u00fc\u00dfen zu d\u00fcrfen.\u00a0<span style=\"color: var( --e-global-color-secondary ); text-align: var(--text-align);\">Mit unserem erfahrenen multiprofessionellen Team, bestehend aus Kinderpsychiatern, Psychologen, Sozialp\u00e4dagogen sowie Ergo- und Psychotherapeuten, bieten wir professionelle Unterst\u00fctzung bei psychischen Erkrankungen von Kindern und Jugendlichen.\u00a0<\/span><\/p><p><span style=\"color: var( --e-global-color-secondary ); text-align: var(--text-align);\">Sie finden uns im Herzen von Aachen und k\u00f6nnen uns hervorragend sowohl zu Fu\u00df, per Bus oder Auto erreichen. Parkm\u00f6glichkeiten gibt es ausreichend in den umliegenden Parkh\u00e4usern, welche fu\u00dfl\u00e4ufig wenige Minuten von uns entfernt liegen.<\/span><\/p>\t\t\t\t\t\t\t\t<\/div>\n\t\t\t\t<\/div>\n\t\t<div class=\"elementor-element elementor-element-6dc8158 e-flex e-con-boxed e-con e-child\" data-id=\"6dc8158\" data-element_type=\"container\" data-e-type=\"container\" data-settings=\"{&quot;background_background&quot;:&quot;classic&quot;}\">\n\t\t\t\t\t<div class=\"e-con-inner\">\n\t\t\t\t<div class=\"elementor-element elementor-element-166112c elementor-widget elementor-widget-heading\" data-id=\"166112c\" data-element_type=\"widget\" data-e-type=\"widget\" data-widget_type=\"heading.default\">\n\t\t\t\t<div class=\"elementor-widget-container\">\n\t\t\t\t\t<h2 class=\"elementor-heading-title elementor-size-default\">Zurzeit k\u00f6nnen wir keine neuen Patientinnen und Patienten aufnehmen. Wir bitten um Ihr Verst\u00e4ndnis und stehen Ihnen bei Bedarf zu einem sp\u00e4teren Zeitpunkt gerne wieder zur Verf\u00fcgung.<\/h2>\t\t\t\t<\/div>\n\t\t\t\t<\/div>\n\t\t\t\t\t<\/div>\n\t\t\t\t<\/div>\n\t\t\t\t<\/div>\n\t\t<div class=\"elementor-element elementor-element-198c7599 e-con-full e-flex e-con e-parent\" data-id=\"198c7599\" data-element_type=\"container\" data-e-type=\"container\" data-settings=\"{&quot;background_background&quot;:&quot;classic&quot;}\">\n\t\t<div class=\"elementor-element elementor-element-7fceb945 e-con-full e-flex e-con e-child\" data-id=\"7fceb945\" data-element_type=\"container\" data-e-type=\"container\">\n\t\t<div class=\"elementor-element elementor-element-6dce6f9f e-con-full e-flex e-con e-child\" data-id=\"6dce6f9f\" data-element_type=\"container\" data-e-type=\"container\">\n\t\t\t\t<div class=\"elementor-element elementor-element-e2da7a6 elementor-invisible elementor-widget elementor-widget-image-box\" data-id=\"e2da7a6\" data-element_type=\"widget\" data-e-type=\"widget\" data-settings=\"{&quot;_animation&quot;:&quot;fadeInDown&quot;}\" data-widget_type=\"image-box.default\">\n\t\t\t\t<div class=\"elementor-widget-container\">\n\t\t\t\t\t<div class=\"elementor-image-box-wrapper\"><div class=\"elementor-image-box-content\"><h4 class=\"elementor-image-box-title\">Sprechzeiten<\/h4><p class=\"elementor-image-box-description\">\nMo: 8:00\u201310:00 Uhr<br>\nDi-Fr: 8:00-13:00 Uhr<br>Mo\u2013Do: 14:00\u201317:00 Uhr\n<br><br>\n<b><u>Termine nach Vereinbarung<\/u><\/b><\/p><\/div><\/div>\t\t\t\t<\/div>\n\t\t\t\t<\/div>\n\t\t\t\t<div class=\"elementor-element elementor-element-8c5ad45 elementor-invisible elementor-widget elementor-widget-image-box\" data-id=\"8c5ad45\" data-element_type=\"widget\" data-e-type=\"widget\" data-settings=\"{&quot;_animation&quot;:&quot;fadeIn&quot;}\" data-widget_type=\"image-box.default\">\n\t\t\t\t<div class=\"elementor-widget-container\">\n\t\t\t\t\t<div class=\"elementor-image-box-wrapper\"><div class=\"elementor-image-box-content\"><h4 class=\"elementor-image-box-title\">Telefonzeiten<\/h4><p class=\"elementor-image-box-description\">\nMo-Do: 9:00\u201312:00 Uhr<br>Mo\u2013Di: 14:00\u201317:00 Uhr<br>\n<\/p><\/div><\/div>\t\t\t\t<\/div>\n\t\t\t\t<\/div>\n\t\t\t\t<\/div>\n\t\t<div class=\"elementor-element elementor-element-57d224e e-con-full e-flex e-con e-child\" data-id=\"57d224e\" data-element_type=\"container\" data-e-type=\"container\">\n\t\t\t\t<div class=\"elementor-element elementor-element-ba3e1a0 elementor-invisible elementor-widget elementor-widget-image-box\" data-id=\"ba3e1a0\" data-element_type=\"widget\" data-e-type=\"widget\" data-settings=\"{&quot;_animation&quot;:&quot;fadeIn&quot;}\" data-widget_type=\"image-box.default\">\n\t\t\t\t<div class=\"elementor-widget-container\">\n\t\t\t\t\t<div class=\"elementor-image-box-wrapper\"><div class=\"elementor-image-box-content\"><h4 class=\"elementor-image-box-title\">Kontakt<\/h4><p class=\"elementor-image-box-description\">Adalbertsteinweg 12-16<br>\n52070 Aachen<br><br>\nTel: \n<a href=\"tel:+4924156527070\">0241 . 5652 7070<\/a><br>\nFax: 0241 . 5652 7079<br>\nEmail: <a href=\"mailto:info@kjp-aachen.de\">info@kjp-aachen.de<\/a><\/p><\/div><\/div>\t\t\t\t<\/div>\n\t\t\t\t<\/div>\n\t\t\t\t<div class=\"elementor-element elementor-element-ea9393e elementor-invisible elementor-widget elementor-widget-image-box\" data-id=\"ea9393e\" data-element_type=\"widget\" data-e-type=\"widget\" data-settings=\"{&quot;_animation&quot;:&quot;fadeInDown&quot;}\" data-widget_type=\"image-box.default\">\n\t\t\t\t<div class=\"elementor-widget-container\">\n\t\t\t\t\t<div class=\"elementor-image-box-wrapper\"><div class=\"elementor-image-box-content\"><h4 class=\"elementor-image-box-title\">Aktuelles<\/h4><p class=\"elementor-image-box-description\">Bitte denken Sie daran, Rezepte<span style=\"--brlbs-tw-scale-x: 1;--brlbs-tw-scale-y: 1;--brlbs-tw-pan-x:;--brlbs-tw-pan-y:;--brlbs-tw-pinch-zoom:;--brlbs-tw-scroll-snap-strictness: proximity;--brlbs-tw-gradient-from-position:;--brlbs-tw-gradient-via-position:;--brlbs-tw-gradient-to-position:;--brlbs-tw-ordinal:;--brlbs-tw-slashed-zero:;--brlbs-tw-numeric-figure:;--brlbs-tw-numeric-spacing:;--brlbs-tw-numeric-fraction:;--brlbs-tw-ring-inset:;--brlbs-tw-ring-offset-width: 0px;--brlbs-tw-ring-offset-color: #fff;--brlbs-tw-ring-offset-shadow: 0 0 #0000;--brlbs-tw-ring-shadow: 0 0 #0000;--brlbs-tw-shadow: 0 0 #0000;--brlbs-tw-shadow-colored: 0 0 #0000;--brlbs-tw-blur:;--brlbs-tw-brightness:;--brlbs-tw-contrast:;--brlbs-tw-grayscale:;--brlbs-tw-hue-rotate:;--brlbs-tw-invert:;--brlbs-tw-saturate:;--brlbs-tw-sepia:;--brlbs-tw-drop-shadow:;--brlbs-tw-backdrop-blur:;--brlbs-tw-backdrop-brightness:;--brlbs-tw-backdrop-contrast:;--brlbs-tw-backdrop-grayscale:;--brlbs-tw-backdrop-hue-rotate:;--brlbs-tw-backdrop-invert:;--brlbs-tw-backdrop-opacity:;--brlbs-tw-backdrop-saturate:;--brlbs-tw-backdrop-sepia:;--brlbs-tw-contain-size:;--brlbs-tw-contain-layout:;--brlbs-tw-contain-paint:;--brlbs-tw-contain-style:;font-weight: 700\"> rechtzeitig<\/span> im Vorfeld zu bestellen. <br><br>Die Praxis ist am 16.02.2026 (Rosenmontag), 15.05.2026, 05.06.2026 und am 08.06.2026 (Betriebsausflug) geschlossen.<br style=\"--brlbs-tw-scale-x: 1;--brlbs-tw-scale-y: 1;--brlbs-tw-pan-x:;--brlbs-tw-pan-y:;--brlbs-tw-pinch-zoom:;--brlbs-tw-scroll-snap-strictness: proximity;--brlbs-tw-gradient-from-position:;--brlbs-tw-gradient-via-position:;--brlbs-tw-gradient-to-position:;--brlbs-tw-ordinal:;--brlbs-tw-slashed-zero:;--brlbs-tw-numeric-figure:;--brlbs-tw-numeric-spacing:;--brlbs-tw-numeric-fraction:;--brlbs-tw-ring-inset:;--brlbs-tw-ring-offset-width: 0px;--brlbs-tw-ring-offset-color: #fff;--brlbs-tw-ring-offset-shadow: 0 0 #0000;--brlbs-tw-ring-shadow: 0 0 #0000;--brlbs-tw-shadow: 0 0 #0000;--brlbs-tw-shadow-colored: 0 0 #0000;--brlbs-tw-blur:;--brlbs-tw-brightness:;--brlbs-tw-contrast:;--brlbs-tw-grayscale:;--brlbs-tw-hue-rotate:;--brlbs-tw-invert:;--brlbs-tw-saturate:;--brlbs-tw-sepia:;--brlbs-tw-drop-shadow:;--brlbs-tw-backdrop-blur:;--brlbs-tw-backdrop-brightness:;--brlbs-tw-backdrop-contrast:;--brlbs-tw-backdrop-grayscale:;--brlbs-tw-backdrop-hue-rotate:;--brlbs-tw-backdrop-invert:;--brlbs-tw-backdrop-opacity:;--brlbs-tw-backdrop-saturate:;--brlbs-tw-backdrop-sepia:;--brlbs-tw-contain-size:;--brlbs-tw-contain-layout:;--brlbs-tw-contain-paint:;--brlbs-tw-contain-style:\">Zudem ist unsere Praxis in den Osterferien vom 06.04.2026 bis zum 12.04.2026 geschlossen. <br> <br><span style=\"--brlbs-tw-scale-x: 1;--brlbs-tw-scale-y: 1;--brlbs-tw-pan-x:;--brlbs-tw-pan-y:;--brlbs-tw-pinch-zoom:;--brlbs-tw-scroll-snap-strictness: proximity;--brlbs-tw-gradient-from-position:;--brlbs-tw-gradient-via-position:;--brlbs-tw-gradient-to-position:;--brlbs-tw-ordinal:;--brlbs-tw-slashed-zero:;--brlbs-tw-numeric-figure:;--brlbs-tw-numeric-spacing:;--brlbs-tw-numeric-fraction:;--brlbs-tw-ring-inset:;--brlbs-tw-ring-offset-width: 0px;--brlbs-tw-ring-offset-color: #fff;--brlbs-tw-ring-offset-shadow: 0 0 #0000;--brlbs-tw-ring-shadow: 0 0 #0000;--brlbs-tw-shadow: 0 0 #0000;--brlbs-tw-shadow-colored: 0 0 #0000;--brlbs-tw-blur:;--brlbs-tw-brightness:;--brlbs-tw-contrast:;--brlbs-tw-grayscale:;--brlbs-tw-hue-rotate:;--brlbs-tw-invert:;--brlbs-tw-saturate:;--brlbs-tw-sepia:;--brlbs-tw-drop-shadow:;--brlbs-tw-backdrop-blur:;--brlbs-tw-backdrop-brightness:;--brlbs-tw-backdrop-contrast:;--brlbs-tw-backdrop-grayscale:;--brlbs-tw-backdrop-hue-rotate:;--brlbs-tw-backdrop-invert:;--brlbs-tw-backdrop-opacity:;--brlbs-tw-backdrop-saturate:;--brlbs-tw-backdrop-sepia:;--brlbs-tw-contain-size:;--brlbs-tw-contain-layout:;--brlbs-tw-contain-paint:;--brlbs-tw-contain-style:\">In der Zeit vom&nbsp;<\/span>06.04.2026 bis zum 12.04.2026 \u00fcbernimmt <span style=\"--brlbs-tw-scale-x: 1;--brlbs-tw-scale-y: 1;--brlbs-tw-pan-x:;--brlbs-tw-pan-y:;--brlbs-tw-pinch-zoom:;--brlbs-tw-scroll-snap-strictness: proximity;--brlbs-tw-gradient-from-position:;--brlbs-tw-gradient-via-position:;--brlbs-tw-gradient-to-position:;--brlbs-tw-ordinal:;--brlbs-tw-slashed-zero:;--brlbs-tw-numeric-figure:;--brlbs-tw-numeric-spacing:;--brlbs-tw-numeric-fraction:;--brlbs-tw-ring-inset:;--brlbs-tw-ring-offset-width: 0px;--brlbs-tw-ring-offset-color: #fff;--brlbs-tw-ring-offset-shadow: 0 0 #0000;--brlbs-tw-ring-shadow: 0 0 #0000;--brlbs-tw-shadow: 0 0 #0000;--brlbs-tw-shadow-colored: 0 0 #0000;--brlbs-tw-blur:;--brlbs-tw-brightness:;--brlbs-tw-contrast:;--brlbs-tw-grayscale:;--brlbs-tw-hue-rotate:;--brlbs-tw-invert:;--brlbs-tw-saturate:;--brlbs-tw-sepia:;--brlbs-tw-drop-shadow:;--brlbs-tw-backdrop-blur:;--brlbs-tw-backdrop-brightness:;--brlbs-tw-backdrop-contrast:;--brlbs-tw-backdrop-grayscale:;--brlbs-tw-backdrop-hue-rotate:;--brlbs-tw-backdrop-invert:;--brlbs-tw-backdrop-opacity:;--brlbs-tw-backdrop-saturate:;--brlbs-tw-backdrop-sepia:;--brlbs-tw-contain-size:;--brlbs-tw-contain-layout:;--brlbs-tw-contain-paint:;--brlbs-tw-contain-style:\">die Praxis von Frau Gabi Dreuw (Rathausstra\u00dfe 10, 52072 Aachen, Tel. 0241-9105510)<\/span><span style=\"--brlbs-tw-scale-x: 1;--brlbs-tw-scale-y: 1;--brlbs-tw-pan-x:;--brlbs-tw-pan-y:;--brlbs-tw-pinch-zoom:;--brlbs-tw-scroll-snap-strictness: proximity;--brlbs-tw-gradient-from-position:;--brlbs-tw-gradient-via-position:;--brlbs-tw-gradient-to-position:;--brlbs-tw-ordinal:;--brlbs-tw-slashed-zero:;--brlbs-tw-numeric-figure:;--brlbs-tw-numeric-spacing:;--brlbs-tw-numeric-fraction:;--brlbs-tw-ring-inset:;--brlbs-tw-ring-offset-width: 0px;--brlbs-tw-ring-offset-color: #fff;--brlbs-tw-ring-offset-shadow: 0 0 #0000;--brlbs-tw-ring-shadow: 0 0 #0000;--brlbs-tw-shadow: 0 0 #0000;--brlbs-tw-shadow-colored: 0 0 #0000;--brlbs-tw-blur:;--brlbs-tw-brightness:;--brlbs-tw-contrast:;--brlbs-tw-grayscale:;--brlbs-tw-hue-rotate:;--brlbs-tw-invert:;--brlbs-tw-saturate:;--brlbs-tw-sepia:;--brlbs-tw-drop-shadow:;--brlbs-tw-backdrop-blur:;--brlbs-tw-backdrop-brightness:;--brlbs-tw-backdrop-contrast:;--brlbs-tw-backdrop-grayscale:;--brlbs-tw-backdrop-hue-rotate:;--brlbs-tw-backdrop-invert:;--brlbs-tw-backdrop-opacity:;--brlbs-tw-backdrop-saturate:;--brlbs-tw-backdrop-sepia:;--brlbs-tw-contain-size:;--brlbs-tw-contain-layout:;--brlbs-tw-contain-paint:;--brlbs-tw-contain-style:\">&nbsp;<\/span><span>unsere Vertretung.&nbsp;<\/span><br><br>Bei Notf\u00e4llen wenden Sie sich bitte an die KJP des Universit\u00e4tsklinikums Aachen (Tel. 0241-800).  <\/p><\/div><\/div>\t\t\t\t<\/div>\n\t\t\t\t<\/div>\n\t\t\t\t<\/div>\n\t\t\t\t<\/div>\n\t\t\t\t<\/div>\n\t\t\t\t<\/div>\n\t\t","protected":false},"excerpt":{"rendered":"<p>Kinderpsychiater AachenIhr ambulantes Zentrum f\u00fcr eine einf\u00fchlsame und professionelle Behandlung Wir freuen uns, Sie und Ihr Kind in unserem ambulanten Zentrum f\u00fcr Kinder- und Jugendpsychiatrie begr\u00fc\u00dfen zu d\u00fcrfen.\u00a0Mit unserem erfahrenen multiprofessionellen Team, bestehend aus Kinderpsychiatern, Psychologen, Sozialp\u00e4dagogen sowie Ergo- und Psychotherapeuten, bieten wir professionelle Unterst\u00fctzung bei psychischen Erkrankungen von Kindern und Jugendlichen.\u00a0 Sie finden uns [&hellip;]<\/p>\n","protected":false},"author":1,"featured_media":0,"parent":0,"menu_order":0,"comment_status":"closed","ping_status":"closed","template":"","meta":{"footnotes":""},"class_list":["post-262","page","type-page","status-publish","hentry"],"yoast_head":"<!-- This site is optimized with the Yoast SEO plugin v27.5 - https:\/\/yoast.com\/product\/yoast-seo-wordpress\/ -->\n<title>KJP Aachen<\/title>\n<meta name=\"description\" content=\"Kinderpsychiater Aachen, Adalbertsteinweg in Aachen, Dr. med. Patricia Jennebach, Dr. med. Birte Berger-Fr\u00f6hlig\" \/>\n<meta name=\"robots\" content=\"index, follow, max-snippet:-1, max-image-preview:large, max-video-preview:-1\" \/>\n<link rel=\"canonical\" href=\"https:\/\/kjp-aachen.de\/\" \/>\n<meta property=\"og:locale\" content=\"de_DE\" \/>\n<meta property=\"og:type\" content=\"article\" \/>\n<meta property=\"og:title\" content=\"KJP Aachen\" \/>\n<meta property=\"og:description\" content=\"Kinderpsychiater Aachen, Adalbertsteinweg in Aachen, Dr. med. Patricia Jennebach, Dr. med. Birte Berger-Fr\u00f6hlig\" \/>\n<meta property=\"og:url\" content=\"https:\/\/kjp-aachen.de\/\" \/>\n<meta property=\"og:site_name\" content=\"KJP Aachen\" \/>\n<meta property=\"article:modified_time\" content=\"2026-01-27T10:28:57+00:00\" \/>\n<meta property=\"og:image\" content=\"https:\/\/kjp-aachen.de\/wp-content\/uploads\/2023\/09\/KJP_AC_Logo_Bez_RGB_800px.png\" \/>\n\t<meta property=\"og:image:width\" content=\"1000\" \/>\n\t<meta property=\"og:image:height\" content=\"471\" \/>\n\t<meta property=\"og:image:type\" content=\"image\/png\" \/>\n<meta name=\"twitter:card\" content=\"summary_large_image\" \/>\n<meta name=\"twitter:label1\" content=\"Gesch\u00e4tzte Lesezeit\" \/>\n\t<meta name=\"twitter:data1\" content=\"2\u00a0Minuten\" \/>\n<script type=\"application\/ld+json\" class=\"yoast-schema-graph\">{\"@context\":\"https:\\\/\\\/schema.org\",\"@graph\":[{\"@type\":\"WebPage\",\"@id\":\"https:\\\/\\\/kjp-aachen.de\\\/\",\"url\":\"https:\\\/\\\/kjp-aachen.de\\\/\",\"name\":\"KJP Aachen\",\"isPartOf\":{\"@id\":\"https:\\\/\\\/kjp-aachen.de\\\/#website\"},\"datePublished\":\"2023-12-01T08:47:53+00:00\",\"dateModified\":\"2026-01-27T10:28:57+00:00\",\"description\":\"Kinderpsychiater Aachen, Adalbertsteinweg in Aachen, Dr. med. Patricia Jennebach, Dr. med. Birte Berger-Fr\u00f6hlig\",\"breadcrumb\":{\"@id\":\"https:\\\/\\\/kjp-aachen.de\\\/#breadcrumb\"},\"inLanguage\":\"de\",\"potentialAction\":[{\"@type\":\"ReadAction\",\"target\":[\"https:\\\/\\\/kjp-aachen.de\\\/\"]}]},{\"@type\":\"BreadcrumbList\",\"@id\":\"https:\\\/\\\/kjp-aachen.de\\\/#breadcrumb\",\"itemListElement\":[{\"@type\":\"ListItem\",\"position\":1,\"name\":\"Startseite\",\"item\":\"https:\\\/\\\/kjp-aachen.de\\\/\"},{\"@type\":\"ListItem\",\"position\":2,\"name\":\"KJP Aachen\"}]},{\"@type\":\"WebSite\",\"@id\":\"https:\\\/\\\/kjp-aachen.de\\\/#website\",\"url\":\"https:\\\/\\\/kjp-aachen.de\\\/\",\"name\":\"KJP Aachen\",\"description\":\"Kinderpsychiater Aachen\",\"publisher\":{\"@id\":\"https:\\\/\\\/kjp-aachen.de\\\/#organization\"},\"potentialAction\":[{\"@type\":\"SearchAction\",\"target\":{\"@type\":\"EntryPoint\",\"urlTemplate\":\"https:\\\/\\\/kjp-aachen.de\\\/?s={search_term_string}\"},\"query-input\":{\"@type\":\"PropertyValueSpecification\",\"valueRequired\":true,\"valueName\":\"search_term_string\"}}],\"inLanguage\":\"de\"},{\"@type\":\"Organization\",\"@id\":\"https:\\\/\\\/kjp-aachen.de\\\/#organization\",\"name\":\"KJP Aachen\",\"url\":\"https:\\\/\\\/kjp-aachen.de\\\/\",\"logo\":{\"@type\":\"ImageObject\",\"inLanguage\":\"de\",\"@id\":\"https:\\\/\\\/kjp-aachen.de\\\/#\\\/schema\\\/logo\\\/image\\\/\",\"url\":\"https:\\\/\\\/kjp-aachen.de\\\/wp-content\\\/uploads\\\/2023\\\/09\\\/KJP_AC_Logo_RGB.png\",\"contentUrl\":\"https:\\\/\\\/kjp-aachen.de\\\/wp-content\\\/uploads\\\/2023\\\/09\\\/KJP_AC_Logo_RGB.png\",\"width\":549,\"height\":549,\"caption\":\"KJP Aachen\"},\"image\":{\"@id\":\"https:\\\/\\\/kjp-aachen.de\\\/#\\\/schema\\\/logo\\\/image\\\/\"}}]}<\/script>\n<!-- \/ Yoast SEO plugin. -->","yoast_head_json":{"title":"KJP Aachen","description":"Kinderpsychiater Aachen, Adalbertsteinweg in Aachen, Dr. med. Patricia Jennebach, Dr. med. Birte Berger-Fr\u00f6hlig","robots":{"index":"index","follow":"follow","max-snippet":"max-snippet:-1","max-image-preview":"max-image-preview:large","max-video-preview":"max-video-preview:-1"},"canonical":"https:\/\/kjp-aachen.de\/","og_locale":"de_DE","og_type":"article","og_title":"KJP Aachen","og_description":"Kinderpsychiater Aachen, Adalbertsteinweg in Aachen, Dr. med. Patricia Jennebach, Dr. med. Birte Berger-Fr\u00f6hlig","og_url":"https:\/\/kjp-aachen.de\/","og_site_name":"KJP Aachen","article_modified_time":"2026-01-27T10:28:57+00:00","og_image":[{"width":1000,"height":471,"url":"https:\/\/kjp-aachen.de\/wp-content\/uploads\/2023\/09\/KJP_AC_Logo_Bez_RGB_800px.png","type":"image\/png"}],"twitter_card":"summary_large_image","twitter_misc":{"Gesch\u00e4tzte Lesezeit":"2\u00a0Minuten"},"schema":{"@context":"https:\/\/schema.org","@graph":[{"@type":"WebPage","@id":"https:\/\/kjp-aachen.de\/","url":"https:\/\/kjp-aachen.de\/","name":"KJP Aachen","isPartOf":{"@id":"https:\/\/kjp-aachen.de\/#website"},"datePublished":"2023-12-01T08:47:53+00:00","dateModified":"2026-01-27T10:28:57+00:00","description":"Kinderpsychiater Aachen, Adalbertsteinweg in Aachen, Dr. med. Patricia Jennebach, Dr. med. Birte Berger-Fr\u00f6hlig","breadcrumb":{"@id":"https:\/\/kjp-aachen.de\/#breadcrumb"},"inLanguage":"de","potentialAction":[{"@type":"ReadAction","target":["https:\/\/kjp-aachen.de\/"]}]},{"@type":"BreadcrumbList","@id":"https:\/\/kjp-aachen.de\/#breadcrumb","itemListElement":[{"@type":"ListItem","position":1,"name":"Startseite","item":"https:\/\/kjp-aachen.de\/"},{"@type":"ListItem","position":2,"name":"KJP Aachen"}]},{"@type":"WebSite","@id":"https:\/\/kjp-aachen.de\/#website","url":"https:\/\/kjp-aachen.de\/","name":"KJP Aachen","description":"Kinderpsychiater Aachen","publisher":{"@id":"https:\/\/kjp-aachen.de\/#organization"},"potentialAction":[{"@type":"SearchAction","target":{"@type":"EntryPoint","urlTemplate":"https:\/\/kjp-aachen.de\/?s={search_term_string}"},"query-input":{"@type":"PropertyValueSpecification","valueRequired":true,"valueName":"search_term_string"}}],"inLanguage":"de"},{"@type":"Organization","@id":"https:\/\/kjp-aachen.de\/#organization","name":"KJP Aachen","url":"https:\/\/kjp-aachen.de\/","logo":{"@type":"ImageObject","inLanguage":"de","@id":"https:\/\/kjp-aachen.de\/#\/schema\/logo\/image\/","url":"https:\/\/kjp-aachen.de\/wp-content\/uploads\/2023\/09\/KJP_AC_Logo_RGB.png","contentUrl":"https:\/\/kjp-aachen.de\/wp-content\/uploads\/2023\/09\/KJP_AC_Logo_RGB.png","width":549,"height":549,"caption":"KJP Aachen"},"image":{"@id":"https:\/\/kjp-aachen.de\/#\/schema\/logo\/image\/"}}]}},"_links":{"self":[{"href":"https:\/\/kjp-aachen.de\/index.php?rest_route=\/wp\/v2\/pages\/262","targetHints":{"allow":["GET"]}}],"collection":[{"href":"https:\/\/kjp-aachen.de\/index.php?rest_route=\/wp\/v2\/pages"}],"about":[{"href":"https:\/\/kjp-aachen.de\/index.php?rest_route=\/wp\/v2\/types\/page"}],"author":[{"embeddable":true,"href":"https:\/\/kjp-aachen.de\/index.php?rest_route=\/wp\/v2\/users\/1"}],"replies":[{"embeddable":true,"href":"https:\/\/kjp-aachen.de\/index.php?rest_route=%2Fwp%2Fv2%2Fcomments&post=262"}],"version-history":[{"count":10,"href":"https:\/\/kjp-aachen.de\/index.php?rest_route=\/wp\/v2\/pages\/262\/revisions"}],"predecessor-version":[{"id":1682,"href":"https:\/\/kjp-aachen.de\/index.php?rest_route=\/wp\/v2\/pages\/262\/revisions\/1682"}],"wp:attachment":[{"href":"https:\/\/kjp-aachen.de\/index.php?rest_route=%2Fwp%2Fv2%2Fmedia&parent=262"}],"curies":[{"name":"wp","href":"https:\/\/api.w.org\/{rel}","templated":true}]}}