{"id":371,"date":"2023-12-05T14:25:42","date_gmt":"2023-12-05T13:25:42","guid":{"rendered":"https:\/\/kjp-aachen.de\/?page_id=371"},"modified":"2024-05-06T09:50:24","modified_gmt":"2024-05-06T07:50:24","slug":"diagnostik","status":"publish","type":"page","link":"https:\/\/kjp-aachen.de\/?page_id=371","title":{"rendered":"Diagnostik"},"content":{"rendered":"\t\t<div data-elementor-type=\"wp-page\" data-elementor-id=\"371\" class=\"elementor elementor-371\" data-elementor-post-type=\"page\">\n\t\t\t\t<div class=\"elementor-element elementor-element-67f7e3b e-con-full e-flex e-con e-parent\" data-id=\"67f7e3b\" data-element_type=\"container\" data-e-type=\"container\" data-settings=\"{&quot;background_background&quot;:&quot;classic&quot;}\">\n\t\t<div class=\"elementor-element elementor-element-beecec8 e-flex e-con-boxed e-con e-child\" data-id=\"beecec8\" data-element_type=\"container\" data-e-type=\"container\">\n\t\t\t\t\t<div class=\"e-con-inner\">\n\t\t\t\t<div class=\"elementor-element elementor-element-48c14b2 elementor-widget elementor-widget-image-box\" data-id=\"48c14b2\" data-element_type=\"widget\" data-e-type=\"widget\" data-settings=\"{&quot;_animation&quot;:&quot;none&quot;}\" data-widget_type=\"image-box.default\">\n\t\t\t\t<div class=\"elementor-widget-container\">\n\t\t\t\t\t<div class=\"elementor-image-box-wrapper\"><div class=\"elementor-image-box-content\"><h4 class=\"elementor-image-box-title\">Diagnostik<\/h4><p class=\"elementor-image-box-description\"><br>Da Menschen sehr unterschiedlich sind, gibt es oft keine einfachen Ursachen oder L\u00f6sungen.<br><br><b>\nWir nehmen uns viel Zeit um genau herauszufinden, was das Problem ist und was helfen k\u00f6nnte.<\/b><br><br>\nEs ist wichtig, m\u00f6glichst von allen Beteiligten Informationen zu bekommen. Dazu reden wir mit den Kindern\/Jugendlichen und den verantwortlichen Erwachsenen (Eltern\/Betreuern).<br><br>\nPers\u00f6nliche Dinge, die uns jemand berichtet, werden wir niemandem weitererz\u00e4hlen. Diese Informationen fallen unter die <b>Schweigepflicht.<\/b>\nManchmal erfahren wir Kinderpsychiater und Therapeuten, dass jemand in Gefahr ist oder andere ernsthaft gef\u00e4hrdet. Dann werden wir mit demjenigen und m\u00f6glichen Unterst\u00fctzern erarbeiten, wie wir gemeinsam f\u00fcr <b>Sicherheit<\/b> sorgen k\u00f6nnen.<br><br>\nWir h\u00e4ndigen den Patienten und den beteiligten Erwachsenen <b>Frageb\u00f6gen <\/b>aus.<b> <\/b>Die hieraus gewonnenen Informationen helfen uns dabei herausfinden, wie sich jemand selbst sieht, aber auch wie andere Menschen ihn einsch\u00e4tzen.<br><br>\nWir f\u00fchren <b>Testungen <\/b>durch, um zu schauen, was jemand gut kann und wo es Probleme geben k\u00f6nnte. Dazu geh\u00f6ren z. B. Intelligenz- und Konzentrationstestungen.<br><br>\nEs gibt auch Termine, bei denen \u00fcber bestimmte Themen gesprochen oder sich mit speziellem Therapiematerial besch\u00e4ftigt wird.<br><br>\nDa auch k\u00f6rperliche Ursachen eine Rolle spielen k\u00f6nnen, oder wenn Medikamente in Frage kommen, werden die Kinderpsychiater <b>Fr. Dr. Berger-Fr\u00f6hlig<\/b> oder <b>Frau Dr. Jennebach<\/b> bei Bedarf eine <b>k\u00f6rperlich-neurologische Untersuchung<\/b> durchf\u00fchren.<br>\nWeiterf\u00fchrende Untersuchungen werden bei Bedarf geplant.<br><br>\n\nIm Anschluss an die Diagnostik findet gemeinsam mit den Eltern und Patienten ein Beratungsgespr\u00e4ch statt. Empfehlungen, wer und was am besten helfen kann, werden besprochen.\n<\/p><\/div><\/div>\t\t\t\t<\/div>\n\t\t\t\t<\/div>\n\t\t\t\t\t<\/div>\n\t\t\t\t<\/div>\n\t\t\t\t<\/div>\n\t\t\t\t<\/div>\n\t\t","protected":false},"excerpt":{"rendered":"<p>Diagnostik Da Menschen sehr unterschiedlich sind, gibt es oft keine einfachen Ursachen oder L\u00f6sungen. Wir nehmen uns viel Zeit um genau herauszufinden, was das Problem ist und was helfen k\u00f6nnte. Es ist wichtig, m\u00f6glichst von allen Beteiligten Informationen zu bekommen. Dazu reden wir mit den Kindern\/Jugendlichen und den verantwortlichen Erwachsenen (Eltern\/Betreuern). Pers\u00f6nliche Dinge, die uns [&hellip;]<\/p>\n","protected":false},"author":1,"featured_media":0,"parent":0,"menu_order":0,"comment_status":"closed","ping_status":"closed","template":"","meta":{"footnotes":""},"class_list":["post-371","page","type-page","status-publish","hentry"],"yoast_head":"<!-- This site is optimized with the Yoast SEO plugin v27.5 - https:\/\/yoast.com\/product\/yoast-seo-wordpress\/ -->\n<title>Diagnostik - KJP Aachen<\/title>\n<meta name=\"description\" content=\"Diagnostik im Kinder- und Jugendpsychiatrischen Zentrum Aachen, Sozialpsychiatrische Praxis, Jennebach, Berger-Fr\u00f6hlig\" \/>\n<meta name=\"robots\" content=\"index, follow, max-snippet:-1, max-image-preview:large, max-video-preview:-1\" \/>\n<link rel=\"canonical\" href=\"https:\/\/kjp-aachen.de\/?page_id=371\" \/>\n<meta property=\"og:locale\" content=\"de_DE\" \/>\n<meta property=\"og:type\" content=\"article\" \/>\n<meta property=\"og:title\" content=\"Diagnostik - KJP Aachen\" \/>\n<meta property=\"og:description\" content=\"Diagnostik im Kinder- und Jugendpsychiatrischen Zentrum Aachen, Sozialpsychiatrische Praxis, Jennebach, Berger-Fr\u00f6hlig\" \/>\n<meta property=\"og:url\" content=\"https:\/\/kjp-aachen.de\/?page_id=371\" \/>\n<meta property=\"og:site_name\" content=\"KJP Aachen\" \/>\n<meta property=\"article:modified_time\" content=\"2024-05-06T07:50:24+00:00\" \/>\n<meta property=\"og:image\" content=\"https:\/\/kjp-aachen.de\/wp-content\/uploads\/2023\/09\/KJP_AC_Logo_Bez_RGB_800px.png\" \/>\n\t<meta property=\"og:image:width\" content=\"1000\" \/>\n\t<meta property=\"og:image:height\" content=\"471\" \/>\n\t<meta property=\"og:image:type\" content=\"image\/png\" \/>\n<meta name=\"twitter:card\" content=\"summary_large_image\" \/>\n<meta name=\"twitter:label1\" content=\"Gesch\u00e4tzte Lesezeit\" \/>\n\t<meta name=\"twitter:data1\" content=\"2\u00a0Minuten\" \/>\n<script type=\"application\/ld+json\" class=\"yoast-schema-graph\">{\"@context\":\"https:\\\/\\\/schema.org\",\"@graph\":[{\"@type\":\"WebPage\",\"@id\":\"https:\\\/\\\/kjp-aachen.de\\\/?page_id=371\",\"url\":\"https:\\\/\\\/kjp-aachen.de\\\/?page_id=371\",\"name\":\"Diagnostik - KJP Aachen\",\"isPartOf\":{\"@id\":\"https:\\\/\\\/kjp-aachen.de\\\/#website\"},\"datePublished\":\"2023-12-05T13:25:42+00:00\",\"dateModified\":\"2024-05-06T07:50:24+00:00\",\"description\":\"Diagnostik im Kinder- und Jugendpsychiatrischen Zentrum Aachen, Sozialpsychiatrische Praxis, Jennebach, Berger-Fr\u00f6hlig\",\"breadcrumb\":{\"@id\":\"https:\\\/\\\/kjp-aachen.de\\\/?page_id=371#breadcrumb\"},\"inLanguage\":\"de\",\"potentialAction\":[{\"@type\":\"ReadAction\",\"target\":[\"https:\\\/\\\/kjp-aachen.de\\\/?page_id=371\"]}]},{\"@type\":\"BreadcrumbList\",\"@id\":\"https:\\\/\\\/kjp-aachen.de\\\/?page_id=371#breadcrumb\",\"itemListElement\":[{\"@type\":\"ListItem\",\"position\":1,\"name\":\"Startseite\",\"item\":\"https:\\\/\\\/kjp-aachen.de\\\/\"},{\"@type\":\"ListItem\",\"position\":2,\"name\":\"Diagnostik\"}]},{\"@type\":\"WebSite\",\"@id\":\"https:\\\/\\\/kjp-aachen.de\\\/#website\",\"url\":\"https:\\\/\\\/kjp-aachen.de\\\/\",\"name\":\"KJP Aachen\",\"description\":\"Kinderpsychiater Aachen\",\"publisher\":{\"@id\":\"https:\\\/\\\/kjp-aachen.de\\\/#organization\"},\"potentialAction\":[{\"@type\":\"SearchAction\",\"target\":{\"@type\":\"EntryPoint\",\"urlTemplate\":\"https:\\\/\\\/kjp-aachen.de\\\/?s={search_term_string}\"},\"query-input\":{\"@type\":\"PropertyValueSpecification\",\"valueRequired\":true,\"valueName\":\"search_term_string\"}}],\"inLanguage\":\"de\"},{\"@type\":\"Organization\",\"@id\":\"https:\\\/\\\/kjp-aachen.de\\\/#organization\",\"name\":\"KJP Aachen\",\"url\":\"https:\\\/\\\/kjp-aachen.de\\\/\",\"logo\":{\"@type\":\"ImageObject\",\"inLanguage\":\"de\",\"@id\":\"https:\\\/\\\/kjp-aachen.de\\\/#\\\/schema\\\/logo\\\/image\\\/\",\"url\":\"https:\\\/\\\/kjp-aachen.de\\\/wp-content\\\/uploads\\\/2023\\\/09\\\/KJP_AC_Logo_RGB.png\",\"contentUrl\":\"https:\\\/\\\/kjp-aachen.de\\\/wp-content\\\/uploads\\\/2023\\\/09\\\/KJP_AC_Logo_RGB.png\",\"width\":549,\"height\":549,\"caption\":\"KJP Aachen\"},\"image\":{\"@id\":\"https:\\\/\\\/kjp-aachen.de\\\/#\\\/schema\\\/logo\\\/image\\\/\"}}]}<\/script>\n<!-- \/ Yoast SEO plugin. -->","yoast_head_json":{"title":"Diagnostik - KJP Aachen","description":"Diagnostik im Kinder- und Jugendpsychiatrischen Zentrum Aachen, Sozialpsychiatrische Praxis, Jennebach, Berger-Fr\u00f6hlig","robots":{"index":"index","follow":"follow","max-snippet":"max-snippet:-1","max-image-preview":"max-image-preview:large","max-video-preview":"max-video-preview:-1"},"canonical":"https:\/\/kjp-aachen.de\/?page_id=371","og_locale":"de_DE","og_type":"article","og_title":"Diagnostik - KJP Aachen","og_description":"Diagnostik im Kinder- und Jugendpsychiatrischen Zentrum Aachen, Sozialpsychiatrische Praxis, Jennebach, Berger-Fr\u00f6hlig","og_url":"https:\/\/kjp-aachen.de\/?page_id=371","og_site_name":"KJP Aachen","article_modified_time":"2024-05-06T07:50:24+00:00","og_image":[{"width":1000,"height":471,"url":"https:\/\/kjp-aachen.de\/wp-content\/uploads\/2023\/09\/KJP_AC_Logo_Bez_RGB_800px.png","type":"image\/png"}],"twitter_card":"summary_large_image","twitter_misc":{"Gesch\u00e4tzte Lesezeit":"2\u00a0Minuten"},"schema":{"@context":"https:\/\/schema.org","@graph":[{"@type":"WebPage","@id":"https:\/\/kjp-aachen.de\/?page_id=371","url":"https:\/\/kjp-aachen.de\/?page_id=371","name":"Diagnostik - KJP Aachen","isPartOf":{"@id":"https:\/\/kjp-aachen.de\/#website"},"datePublished":"2023-12-05T13:25:42+00:00","dateModified":"2024-05-06T07:50:24+00:00","description":"Diagnostik im Kinder- und Jugendpsychiatrischen Zentrum Aachen, Sozialpsychiatrische Praxis, Jennebach, Berger-Fr\u00f6hlig","breadcrumb":{"@id":"https:\/\/kjp-aachen.de\/?page_id=371#breadcrumb"},"inLanguage":"de","potentialAction":[{"@type":"ReadAction","target":["https:\/\/kjp-aachen.de\/?page_id=371"]}]},{"@type":"BreadcrumbList","@id":"https:\/\/kjp-aachen.de\/?page_id=371#breadcrumb","itemListElement":[{"@type":"ListItem","position":1,"name":"Startseite","item":"https:\/\/kjp-aachen.de\/"},{"@type":"ListItem","position":2,"name":"Diagnostik"}]},{"@type":"WebSite","@id":"https:\/\/kjp-aachen.de\/#website","url":"https:\/\/kjp-aachen.de\/","name":"KJP Aachen","description":"Kinderpsychiater Aachen","publisher":{"@id":"https:\/\/kjp-aachen.de\/#organization"},"potentialAction":[{"@type":"SearchAction","target":{"@type":"EntryPoint","urlTemplate":"https:\/\/kjp-aachen.de\/?s={search_term_string}"},"query-input":{"@type":"PropertyValueSpecification","valueRequired":true,"valueName":"search_term_string"}}],"inLanguage":"de"},{"@type":"Organization","@id":"https:\/\/kjp-aachen.de\/#organization","name":"KJP Aachen","url":"https:\/\/kjp-aachen.de\/","logo":{"@type":"ImageObject","inLanguage":"de","@id":"https:\/\/kjp-aachen.de\/#\/schema\/logo\/image\/","url":"https:\/\/kjp-aachen.de\/wp-content\/uploads\/2023\/09\/KJP_AC_Logo_RGB.png","contentUrl":"https:\/\/kjp-aachen.de\/wp-content\/uploads\/2023\/09\/KJP_AC_Logo_RGB.png","width":549,"height":549,"caption":"KJP Aachen"},"image":{"@id":"https:\/\/kjp-aachen.de\/#\/schema\/logo\/image\/"}}]}},"_links":{"self":[{"href":"https:\/\/kjp-aachen.de\/index.php?rest_route=\/wp\/v2\/pages\/371","targetHints":{"allow":["GET"]}}],"collection":[{"href":"https:\/\/kjp-aachen.de\/index.php?rest_route=\/wp\/v2\/pages"}],"about":[{"href":"https:\/\/kjp-aachen.de\/index.php?rest_route=\/wp\/v2\/types\/page"}],"author":[{"embeddable":true,"href":"https:\/\/kjp-aachen.de\/index.php?rest_route=\/wp\/v2\/users\/1"}],"replies":[{"embeddable":true,"href":"https:\/\/kjp-aachen.de\/index.php?rest_route=%2Fwp%2Fv2%2Fcomments&post=371"}],"version-history":[{"count":10,"href":"https:\/\/kjp-aachen.de\/index.php?rest_route=\/wp\/v2\/pages\/371\/revisions"}],"predecessor-version":[{"id":1159,"href":"https:\/\/kjp-aachen.de\/index.php?rest_route=\/wp\/v2\/pages\/371\/revisions\/1159"}],"wp:attachment":[{"href":"https:\/\/kjp-aachen.de\/index.php?rest_route=%2Fwp%2Fv2%2Fmedia&parent=371"}],"curies":[{"name":"wp","href":"https:\/\/api.w.org\/{rel}","templated":true}]}}