{"id":428,"date":"2023-12-06T10:35:51","date_gmt":"2023-12-06T09:35:51","guid":{"rendered":"https:\/\/kjp-aachen.de\/?page_id=428"},"modified":"2024-01-15T13:25:14","modified_gmt":"2024-01-15T12:25:14","slug":"notfall","status":"publish","type":"page","link":"https:\/\/kjp-aachen.de\/?page_id=428","title":{"rendered":"Notfall"},"content":{"rendered":"\t\t<div data-elementor-type=\"wp-page\" data-elementor-id=\"428\" class=\"elementor elementor-428\" data-elementor-post-type=\"page\">\n\t\t\t\t<div class=\"elementor-element elementor-element-883a897 e-con-full e-flex e-con e-parent\" data-id=\"883a897\" data-element_type=\"container\" data-e-type=\"container\" data-settings=\"{&quot;background_background&quot;:&quot;classic&quot;}\">\n\t\t<div class=\"elementor-element elementor-element-bff40af e-con-full e-flex e-con e-child\" data-id=\"bff40af\" data-element_type=\"container\" data-e-type=\"container\">\n\t\t\t\t<div class=\"elementor-element elementor-element-2f2057e elementor-widget elementor-widget-heading\" data-id=\"2f2057e\" data-element_type=\"widget\" data-e-type=\"widget\" data-widget_type=\"heading.default\">\n\t\t\t\t<div class=\"elementor-widget-container\">\n\t\t\t\t\t<h2 class=\"elementor-heading-title elementor-size-default\">Notf\u00e4lle<\/h2>\t\t\t\t<\/div>\n\t\t\t\t<\/div>\n\t\t<div class=\"elementor-element elementor-element-fc6e5b9 e-con-full e-flex e-con e-child\" data-id=\"fc6e5b9\" data-element_type=\"container\" data-e-type=\"container\">\n\t\t<div class=\"elementor-element elementor-element-5398b35 e-flex e-con-boxed e-con e-child\" data-id=\"5398b35\" data-element_type=\"container\" data-e-type=\"container\" data-settings=\"{&quot;background_background&quot;:&quot;classic&quot;}\">\n\t\t\t\t\t<div class=\"e-con-inner\">\n\t\t\t\t<div class=\"elementor-element elementor-element-1fdb69b elementor-widget elementor-widget-heading\" data-id=\"1fdb69b\" data-element_type=\"widget\" data-e-type=\"widget\" data-widget_type=\"heading.default\">\n\t\t\t\t<div class=\"elementor-widget-container\">\n\t\t\t\t\t<h2 class=\"elementor-heading-title elementor-size-default\">Psychiatrischer Notfall = lebensbedrohliche Situation<\/h2>\t\t\t\t<\/div>\n\t\t\t\t<\/div>\n\t\t\t\t<div class=\"elementor-element elementor-element-e08818c elementor-widget elementor-widget-text-editor\" data-id=\"e08818c\" data-element_type=\"widget\" data-e-type=\"widget\" data-widget_type=\"text-editor.default\">\n\t\t\t\t<div class=\"elementor-widget-container\">\n\t\t\t\t\t\t\t\t\t<ul><li>unmittelbar drohender Selbstmord oder gerade ausgef\u00fchrte Handlung mit Selbstmordabsicht<\/li><li>Verwirrungszustand (Psychose) mit Gef\u00e4hrdung des Patienten oder anderer Personen<\/li><li><strong>sofortiger Handlungsbedarf<\/strong><\/li><\/ul>\t\t\t\t\t\t\t\t<\/div>\n\t\t\t\t<\/div>\n\t\t\t\t<div class=\"elementor-element elementor-element-1f071bb elementor-widget elementor-widget-button\" data-id=\"1f071bb\" data-element_type=\"widget\" data-e-type=\"widget\" data-widget_type=\"button.default\">\n\t\t\t\t<div class=\"elementor-widget-container\">\n\t\t\t\t\t\t\t\t\t<div class=\"elementor-button-wrapper\">\n\t\t\t\t\t<a class=\"elementor-button elementor-button-link elementor-size-sm elementor-animation-pulse\" href=\"tel:112\">\n\t\t\t\t\t\t<span class=\"elementor-button-content-wrapper\">\n\t\t\t\t\t\t<span class=\"elementor-button-icon\">\n\t\t\t\t<i aria-hidden=\"true\" class=\"fas fa-phone\"><\/i>\t\t\t<\/span>\n\t\t\t\t\t\t\t\t\t<span class=\"elementor-button-text\">112<\/span>\n\t\t\t\t\t<\/span>\n\t\t\t\t\t<\/a>\n\t\t\t\t<\/div>\n\t\t\t\t\t\t\t\t<\/div>\n\t\t\t\t<\/div>\n\t\t\t\t\t<\/div>\n\t\t\t\t<\/div>\n\t\t\t\t<div class=\"elementor-element elementor-element-1f3c2e8 elementor-widget-divider--view-line elementor-widget elementor-widget-divider\" data-id=\"1f3c2e8\" data-element_type=\"widget\" data-e-type=\"widget\" data-widget_type=\"divider.default\">\n\t\t\t\t<div class=\"elementor-widget-container\">\n\t\t\t\t\t\t\t<div class=\"elementor-divider\">\n\t\t\t<span class=\"elementor-divider-separator\">\n\t\t\t\t\t\t<\/span>\n\t\t<\/div>\n\t\t\t\t\t\t<\/div>\n\t\t\t\t<\/div>\n\t\t<div class=\"elementor-element elementor-element-00ce262 e-flex e-con-boxed e-con e-child\" data-id=\"00ce262\" data-element_type=\"container\" data-e-type=\"container\" data-settings=\"{&quot;background_background&quot;:&quot;classic&quot;}\">\n\t\t\t\t\t<div class=\"e-con-inner\">\n\t\t\t\t<div class=\"elementor-element elementor-element-d928dd4 elementor-widget elementor-widget-heading\" data-id=\"d928dd4\" data-element_type=\"widget\" data-e-type=\"widget\" data-widget_type=\"heading.default\">\n\t\t\t\t<div class=\"elementor-widget-container\">\n\t\t\t\t\t<h2 class=\"elementor-heading-title elementor-size-default\">Psychiatrische Krise  =  NICHT lebensbedrohlich <\/h2>\t\t\t\t<\/div>\n\t\t\t\t<\/div>\n\t\t\t\t<div class=\"elementor-element elementor-element-66311b7 elementor-widget elementor-widget-text-editor\" data-id=\"66311b7\" data-element_type=\"widget\" data-e-type=\"widget\" data-widget_type=\"text-editor.default\">\n\t\t\t\t<div class=\"elementor-widget-container\">\n\t\t\t\t\t\t\t\t\t<ul><li>neu aufgetretene Selbstmordabsichten oder Gedanken<\/li><li>neu aufgetretener Verwirrungszustand (Psychose) ohne Gef\u00e4hrdung des Patienten oder anderer Personen<\/li><li><strong>rascher Handlungsbedarf<\/strong><\/li><\/ul><p>\u00a0<\/p><p>Wir besprechen das weitere Vorgehen mit Ihnen.<\/p>\t\t\t\t\t\t\t\t<\/div>\n\t\t\t\t<\/div>\n\t\t\t\t<div class=\"elementor-element elementor-element-6b4447a elementor-widget elementor-widget-button\" data-id=\"6b4447a\" data-element_type=\"widget\" data-e-type=\"widget\" data-widget_type=\"button.default\">\n\t\t\t\t<div class=\"elementor-widget-container\">\n\t\t\t\t\t\t\t\t\t<div class=\"elementor-button-wrapper\">\n\t\t\t\t\t<a class=\"elementor-button elementor-button-link elementor-size-sm elementor-animation-pulse\" href=\"tel:02415652707-0\">\n\t\t\t\t\t\t<span class=\"elementor-button-content-wrapper\">\n\t\t\t\t\t\t<span class=\"elementor-button-icon\">\n\t\t\t\t<i aria-hidden=\"true\" class=\"fas fa-phone\"><\/i>\t\t\t<\/span>\n\t\t\t\t\t\t\t\t\t<span class=\"elementor-button-text\">0241 . 565 2 707-0<\/span>\n\t\t\t\t\t<\/span>\n\t\t\t\t\t<\/a>\n\t\t\t\t<\/div>\n\t\t\t\t\t\t\t\t<\/div>\n\t\t\t\t<\/div>\n\t\t\t\t\t<\/div>\n\t\t\t\t<\/div>\n\t\t\t\t<div class=\"elementor-element elementor-element-8334a80 elementor-widget-divider--view-line elementor-widget elementor-widget-divider\" data-id=\"8334a80\" data-element_type=\"widget\" data-e-type=\"widget\" data-widget_type=\"divider.default\">\n\t\t\t\t<div class=\"elementor-widget-container\">\n\t\t\t\t\t\t\t<div class=\"elementor-divider\">\n\t\t\t<span class=\"elementor-divider-separator\">\n\t\t\t\t\t\t<\/span>\n\t\t<\/div>\n\t\t\t\t\t\t<\/div>\n\t\t\t\t<\/div>\n\t\t\t\t<\/div>\n\t\t<div class=\"elementor-element elementor-element-af9f295 e-flex e-con-boxed e-con e-child\" data-id=\"af9f295\" data-element_type=\"container\" data-e-type=\"container\" data-settings=\"{&quot;background_background&quot;:&quot;classic&quot;}\">\n\t\t\t\t\t<div class=\"e-con-inner\">\n\t\t\t\t<div class=\"elementor-element elementor-element-239eaa8 elementor-widget elementor-widget-text-editor\" data-id=\"239eaa8\" data-element_type=\"widget\" data-e-type=\"widget\" data-widget_type=\"text-editor.default\">\n\t\t\t\t<div class=\"elementor-widget-container\">\n\t\t\t\t\t\t\t\t\t<p>Sollten Sie uns nicht erreichen oder au\u00dferhalb der Sprechzeiten anrufen<\/p>\t\t\t\t\t\t\t\t<\/div>\n\t\t\t\t<\/div>\n\t\t\t\t<div class=\"elementor-element elementor-element-10cec3f elementor-widget elementor-widget-button\" data-id=\"10cec3f\" data-element_type=\"widget\" data-e-type=\"widget\" data-widget_type=\"button.default\">\n\t\t\t\t<div class=\"elementor-widget-container\">\n\t\t\t\t\t\t\t\t\t<div class=\"elementor-button-wrapper\">\n\t\t\t\t\t<a class=\"elementor-button elementor-button-link elementor-size-sm elementor-animation-pulse\" href=\"tel:116117\">\n\t\t\t\t\t\t<span class=\"elementor-button-content-wrapper\">\n\t\t\t\t\t\t<span class=\"elementor-button-icon\">\n\t\t\t\t<i aria-hidden=\"true\" class=\"fas fa-phone\"><\/i>\t\t\t<\/span>\n\t\t\t\t\t\t\t\t\t<span class=\"elementor-button-text\">\u00c4rztlicher Notdienst: 116 117    <\/span>\n\t\t\t\t\t<\/span>\n\t\t\t\t\t<\/a>\n\t\t\t\t<\/div>\n\t\t\t\t\t\t\t\t<\/div>\n\t\t\t\t<\/div>\n\t\t\t\t<div class=\"elementor-element elementor-element-7e3ec16 elementor-widget elementor-widget-button\" data-id=\"7e3ec16\" data-element_type=\"widget\" data-e-type=\"widget\" data-widget_type=\"button.default\">\n\t\t\t\t<div class=\"elementor-widget-container\">\n\t\t\t\t\t\t\t\t\t<div class=\"elementor-button-wrapper\">\n\t\t\t\t\t<a class=\"elementor-button elementor-button-link elementor-size-sm elementor-animation-pulse\" href=\"tel:+49241800\">\n\t\t\t\t\t\t<span class=\"elementor-button-content-wrapper\">\n\t\t\t\t\t\t<span class=\"elementor-button-icon\">\n\t\t\t\t<i aria-hidden=\"true\" class=\"fas fa-phone\"><\/i>\t\t\t<\/span>\n\t\t\t\t\t\t\t\t\t<span class=\"elementor-button-text\">KJP der UK Aachen: 0241 . 800<\/span>\n\t\t\t\t\t<\/span>\n\t\t\t\t\t<\/a>\n\t\t\t\t<\/div>\n\t\t\t\t\t\t\t\t<\/div>\n\t\t\t\t<\/div>\n\t\t\t\t\t<\/div>\n\t\t\t\t<\/div>\n\t\t\t\t<div class=\"elementor-element elementor-element-fc03e63 elementor-widget-divider--view-line elementor-widget elementor-widget-divider\" data-id=\"fc03e63\" data-element_type=\"widget\" data-e-type=\"widget\" data-widget_type=\"divider.default\">\n\t\t\t\t<div class=\"elementor-widget-container\">\n\t\t\t\t\t\t\t<div class=\"elementor-divider\">\n\t\t\t<span class=\"elementor-divider-separator\">\n\t\t\t\t\t\t<\/span>\n\t\t<\/div>\n\t\t\t\t\t\t<\/div>\n\t\t\t\t<\/div>\n\t\t<div class=\"elementor-element elementor-element-9ebc819 e-flex e-con-boxed e-con e-child\" data-id=\"9ebc819\" data-element_type=\"container\" data-e-type=\"container\" data-settings=\"{&quot;background_background&quot;:&quot;classic&quot;}\">\n\t\t\t\t\t<div class=\"e-con-inner\">\n\t\t\t\t<div class=\"elementor-element elementor-element-d20883c elementor-widget elementor-widget-heading\" data-id=\"d20883c\" data-element_type=\"widget\" data-e-type=\"widget\" data-widget_type=\"heading.default\">\n\t\t\t\t<div class=\"elementor-widget-container\">\n\t\t\t\t\t<h2 class=\"elementor-heading-title elementor-size-default\">Andere akute Krisen wie zum Beispiel<\/h2>\t\t\t\t<\/div>\n\t\t\t\t<\/div>\n\t\t\t\t<div class=\"elementor-element elementor-element-f7e37f7 elementor-widget elementor-widget-text-editor\" data-id=\"f7e37f7\" data-element_type=\"widget\" data-e-type=\"widget\" data-widget_type=\"text-editor.default\">\n\t\t\t\t<div class=\"elementor-widget-container\">\n\t\t\t\t\t\t\t\t\t<ul><li>akuter Konflikt mit Gewalt in der Familie oder in der Wohngruppe<\/li><li>betroffene Minderj\u00e4hrige wird vermisst: ist unerwartet nicht zur\u00fcckgekommen oder weggelaufen, der Aufenthaltsort ist unbekannt, die Person ist nicht erreichbar<\/li><\/ul>\t\t\t\t\t\t\t\t<\/div>\n\t\t\t\t<\/div>\n\t\t\t\t<div class=\"elementor-element elementor-element-6a221a0 elementor-widget elementor-widget-button\" data-id=\"6a221a0\" data-element_type=\"widget\" data-e-type=\"widget\" data-widget_type=\"button.default\">\n\t\t\t\t<div class=\"elementor-widget-container\">\n\t\t\t\t\t\t\t\t\t<div class=\"elementor-button-wrapper\">\n\t\t\t\t\t<a class=\"elementor-button elementor-button-link elementor-size-sm elementor-animation-pulse\" href=\"tel:112\">\n\t\t\t\t\t\t<span class=\"elementor-button-content-wrapper\">\n\t\t\t\t\t\t<span class=\"elementor-button-icon\">\n\t\t\t\t<i aria-hidden=\"true\" class=\"fas fa-phone\"><\/i>\t\t\t<\/span>\n\t\t\t\t\t\t\t\t\t<span class=\"elementor-button-text\">112<\/span>\n\t\t\t\t\t<\/span>\n\t\t\t\t\t<\/a>\n\t\t\t\t<\/div>\n\t\t\t\t\t\t\t\t<\/div>\n\t\t\t\t<\/div>\n\t\t\t\t\t<\/div>\n\t\t\t\t<\/div>\n\t\t\t\t<div class=\"elementor-element elementor-element-24d47be elementor-widget-divider--view-line elementor-widget elementor-widget-divider\" data-id=\"24d47be\" data-element_type=\"widget\" data-e-type=\"widget\" data-widget_type=\"divider.default\">\n\t\t\t\t<div class=\"elementor-widget-container\">\n\t\t\t\t\t\t\t<div class=\"elementor-divider\">\n\t\t\t<span class=\"elementor-divider-separator\">\n\t\t\t\t\t\t<\/span>\n\t\t<\/div>\n\t\t\t\t\t\t<\/div>\n\t\t\t\t<\/div>\n\t\t\t\t<\/div>\n\t\t\t\t<\/div>\n\t\t\t\t<\/div>\n\t\t","protected":false},"excerpt":{"rendered":"<p>Notf\u00e4lle Psychiatrischer Notfall = lebensbedrohliche Situation unmittelbar drohender Selbstmord oder gerade ausgef\u00fchrte Handlung mit Selbstmordabsicht Verwirrungszustand (Psychose) mit Gef\u00e4hrdung des Patienten oder anderer Personen sofortiger Handlungsbedarf 112 Psychiatrische Krise = NICHT lebensbedrohlich neu aufgetretene Selbstmordabsichten oder Gedanken neu aufgetretener Verwirrungszustand (Psychose) ohne Gef\u00e4hrdung des Patienten oder anderer Personen rascher Handlungsbedarf \u00a0 Wir besprechen das weitere [&hellip;]<\/p>\n","protected":false},"author":1,"featured_media":0,"parent":0,"menu_order":0,"comment_status":"closed","ping_status":"closed","template":"","meta":{"footnotes":""},"class_list":["post-428","page","type-page","status-publish","hentry"],"yoast_head":"<!-- This site is optimized with the Yoast SEO plugin v27.6 - https:\/\/yoast.com\/product\/yoast-seo-wordpress\/ -->\n<title>Notfall - KJP Aachen<\/title>\n<meta name=\"description\" content=\"Hier finden Sie Informationen, an wen Sie sich im Falle eines psychiatrischen Notfalls oder Krise wenden k\u00f6nnen.\" \/>\n<meta name=\"robots\" content=\"index, follow, max-snippet:-1, max-image-preview:large, max-video-preview:-1\" \/>\n<link rel=\"canonical\" href=\"https:\/\/kjp-aachen.de\/?page_id=428\" \/>\n<meta property=\"og:locale\" content=\"de_DE\" \/>\n<meta property=\"og:type\" content=\"article\" \/>\n<meta property=\"og:title\" content=\"Notfall - KJP Aachen\" \/>\n<meta property=\"og:description\" content=\"Hier finden Sie Informationen, an wen Sie sich im Falle eines psychiatrischen Notfalls oder Krise wenden k\u00f6nnen.\" \/>\n<meta property=\"og:url\" content=\"https:\/\/kjp-aachen.de\/?page_id=428\" \/>\n<meta property=\"og:site_name\" content=\"KJP Aachen\" \/>\n<meta property=\"article:modified_time\" content=\"2024-01-15T12:25:14+00:00\" \/>\n<meta property=\"og:image\" content=\"https:\/\/kjp-aachen.de\/wp-content\/uploads\/2023\/09\/KJP_AC_Logo_Bez_RGB_800px.png\" \/>\n\t<meta property=\"og:image:width\" content=\"1000\" \/>\n\t<meta property=\"og:image:height\" content=\"471\" \/>\n\t<meta property=\"og:image:type\" content=\"image\/png\" \/>\n<meta name=\"twitter:card\" content=\"summary_large_image\" \/>\n<meta name=\"twitter:label1\" content=\"Gesch\u00e4tzte Lesezeit\" \/>\n\t<meta name=\"twitter:data1\" content=\"1\u00a0Minute\" \/>\n<script type=\"application\/ld+json\" class=\"yoast-schema-graph\">{\"@context\":\"https:\\\/\\\/schema.org\",\"@graph\":[{\"@type\":\"WebPage\",\"@id\":\"https:\\\/\\\/kjp-aachen.de\\\/?page_id=428\",\"url\":\"https:\\\/\\\/kjp-aachen.de\\\/?page_id=428\",\"name\":\"Notfall - KJP Aachen\",\"isPartOf\":{\"@id\":\"https:\\\/\\\/kjp-aachen.de\\\/#website\"},\"datePublished\":\"2023-12-06T09:35:51+00:00\",\"dateModified\":\"2024-01-15T12:25:14+00:00\",\"description\":\"Hier finden Sie Informationen, an wen Sie sich im Falle eines psychiatrischen Notfalls oder Krise wenden k\u00f6nnen.\",\"breadcrumb\":{\"@id\":\"https:\\\/\\\/kjp-aachen.de\\\/?page_id=428#breadcrumb\"},\"inLanguage\":\"de\",\"potentialAction\":[{\"@type\":\"ReadAction\",\"target\":[\"https:\\\/\\\/kjp-aachen.de\\\/?page_id=428\"]}]},{\"@type\":\"BreadcrumbList\",\"@id\":\"https:\\\/\\\/kjp-aachen.de\\\/?page_id=428#breadcrumb\",\"itemListElement\":[{\"@type\":\"ListItem\",\"position\":1,\"name\":\"Startseite\",\"item\":\"https:\\\/\\\/kjp-aachen.de\\\/\"},{\"@type\":\"ListItem\",\"position\":2,\"name\":\"Notfall\"}]},{\"@type\":\"WebSite\",\"@id\":\"https:\\\/\\\/kjp-aachen.de\\\/#website\",\"url\":\"https:\\\/\\\/kjp-aachen.de\\\/\",\"name\":\"KJP Aachen\",\"description\":\"Kinderpsychiater Aachen\",\"publisher\":{\"@id\":\"https:\\\/\\\/kjp-aachen.de\\\/#organization\"},\"potentialAction\":[{\"@type\":\"SearchAction\",\"target\":{\"@type\":\"EntryPoint\",\"urlTemplate\":\"https:\\\/\\\/kjp-aachen.de\\\/?s={search_term_string}\"},\"query-input\":{\"@type\":\"PropertyValueSpecification\",\"valueRequired\":true,\"valueName\":\"search_term_string\"}}],\"inLanguage\":\"de\"},{\"@type\":\"Organization\",\"@id\":\"https:\\\/\\\/kjp-aachen.de\\\/#organization\",\"name\":\"KJP Aachen\",\"url\":\"https:\\\/\\\/kjp-aachen.de\\\/\",\"logo\":{\"@type\":\"ImageObject\",\"inLanguage\":\"de\",\"@id\":\"https:\\\/\\\/kjp-aachen.de\\\/#\\\/schema\\\/logo\\\/image\\\/\",\"url\":\"https:\\\/\\\/kjp-aachen.de\\\/wp-content\\\/uploads\\\/2023\\\/09\\\/KJP_AC_Logo_RGB.png\",\"contentUrl\":\"https:\\\/\\\/kjp-aachen.de\\\/wp-content\\\/uploads\\\/2023\\\/09\\\/KJP_AC_Logo_RGB.png\",\"width\":549,\"height\":549,\"caption\":\"KJP Aachen\"},\"image\":{\"@id\":\"https:\\\/\\\/kjp-aachen.de\\\/#\\\/schema\\\/logo\\\/image\\\/\"}}]}<\/script>\n<!-- \/ Yoast SEO plugin. -->","yoast_head_json":{"title":"Notfall - KJP Aachen","description":"Hier finden Sie Informationen, an wen Sie sich im Falle eines psychiatrischen Notfalls oder Krise wenden k\u00f6nnen.","robots":{"index":"index","follow":"follow","max-snippet":"max-snippet:-1","max-image-preview":"max-image-preview:large","max-video-preview":"max-video-preview:-1"},"canonical":"https:\/\/kjp-aachen.de\/?page_id=428","og_locale":"de_DE","og_type":"article","og_title":"Notfall - KJP Aachen","og_description":"Hier finden Sie Informationen, an wen Sie sich im Falle eines psychiatrischen Notfalls oder Krise wenden k\u00f6nnen.","og_url":"https:\/\/kjp-aachen.de\/?page_id=428","og_site_name":"KJP Aachen","article_modified_time":"2024-01-15T12:25:14+00:00","og_image":[{"width":1000,"height":471,"url":"https:\/\/kjp-aachen.de\/wp-content\/uploads\/2023\/09\/KJP_AC_Logo_Bez_RGB_800px.png","type":"image\/png"}],"twitter_card":"summary_large_image","twitter_misc":{"Gesch\u00e4tzte Lesezeit":"1\u00a0Minute"},"schema":{"@context":"https:\/\/schema.org","@graph":[{"@type":"WebPage","@id":"https:\/\/kjp-aachen.de\/?page_id=428","url":"https:\/\/kjp-aachen.de\/?page_id=428","name":"Notfall - KJP Aachen","isPartOf":{"@id":"https:\/\/kjp-aachen.de\/#website"},"datePublished":"2023-12-06T09:35:51+00:00","dateModified":"2024-01-15T12:25:14+00:00","description":"Hier finden Sie Informationen, an wen Sie sich im Falle eines psychiatrischen Notfalls oder Krise wenden k\u00f6nnen.","breadcrumb":{"@id":"https:\/\/kjp-aachen.de\/?page_id=428#breadcrumb"},"inLanguage":"de","potentialAction":[{"@type":"ReadAction","target":["https:\/\/kjp-aachen.de\/?page_id=428"]}]},{"@type":"BreadcrumbList","@id":"https:\/\/kjp-aachen.de\/?page_id=428#breadcrumb","itemListElement":[{"@type":"ListItem","position":1,"name":"Startseite","item":"https:\/\/kjp-aachen.de\/"},{"@type":"ListItem","position":2,"name":"Notfall"}]},{"@type":"WebSite","@id":"https:\/\/kjp-aachen.de\/#website","url":"https:\/\/kjp-aachen.de\/","name":"KJP Aachen","description":"Kinderpsychiater Aachen","publisher":{"@id":"https:\/\/kjp-aachen.de\/#organization"},"potentialAction":[{"@type":"SearchAction","target":{"@type":"EntryPoint","urlTemplate":"https:\/\/kjp-aachen.de\/?s={search_term_string}"},"query-input":{"@type":"PropertyValueSpecification","valueRequired":true,"valueName":"search_term_string"}}],"inLanguage":"de"},{"@type":"Organization","@id":"https:\/\/kjp-aachen.de\/#organization","name":"KJP Aachen","url":"https:\/\/kjp-aachen.de\/","logo":{"@type":"ImageObject","inLanguage":"de","@id":"https:\/\/kjp-aachen.de\/#\/schema\/logo\/image\/","url":"https:\/\/kjp-aachen.de\/wp-content\/uploads\/2023\/09\/KJP_AC_Logo_RGB.png","contentUrl":"https:\/\/kjp-aachen.de\/wp-content\/uploads\/2023\/09\/KJP_AC_Logo_RGB.png","width":549,"height":549,"caption":"KJP Aachen"},"image":{"@id":"https:\/\/kjp-aachen.de\/#\/schema\/logo\/image\/"}}]}},"_links":{"self":[{"href":"https:\/\/kjp-aachen.de\/index.php?rest_route=\/wp\/v2\/pages\/428","targetHints":{"allow":["GET"]}}],"collection":[{"href":"https:\/\/kjp-aachen.de\/index.php?rest_route=\/wp\/v2\/pages"}],"about":[{"href":"https:\/\/kjp-aachen.de\/index.php?rest_route=\/wp\/v2\/types\/page"}],"author":[{"embeddable":true,"href":"https:\/\/kjp-aachen.de\/index.php?rest_route=\/wp\/v2\/users\/1"}],"replies":[{"embeddable":true,"href":"https:\/\/kjp-aachen.de\/index.php?rest_route=%2Fwp%2Fv2%2Fcomments&post=428"}],"version-history":[{"count":10,"href":"https:\/\/kjp-aachen.de\/index.php?rest_route=\/wp\/v2\/pages\/428\/revisions"}],"predecessor-version":[{"id":885,"href":"https:\/\/kjp-aachen.de\/index.php?rest_route=\/wp\/v2\/pages\/428\/revisions\/885"}],"wp:attachment":[{"href":"https:\/\/kjp-aachen.de\/index.php?rest_route=%2Fwp%2Fv2%2Fmedia&parent=428"}],"curies":[{"name":"wp","href":"https:\/\/api.w.org\/{rel}","templated":true}]}}