{"id":551,"date":"2023-12-07T13:40:13","date_gmt":"2023-12-07T12:40:13","guid":{"rendered":"https:\/\/kjp-aachen.de\/?page_id=551"},"modified":"2025-03-19T09:59:06","modified_gmt":"2025-03-19T08:59:06","slug":"behandlung","status":"publish","type":"page","link":"https:\/\/kjp-aachen.de\/?page_id=551","title":{"rendered":"Behandlung"},"content":{"rendered":"\t\t<div data-elementor-type=\"wp-page\" data-elementor-id=\"551\" class=\"elementor elementor-551\" data-elementor-post-type=\"page\">\n\t\t\t\t<div class=\"elementor-element elementor-element-5396e6f e-con-full e-flex e-con e-parent\" data-id=\"5396e6f\" data-element_type=\"container\" data-e-type=\"container\" data-settings=\"{&quot;background_background&quot;:&quot;classic&quot;}\">\n\t\t<div class=\"elementor-element elementor-element-2d6cba2 e-flex e-con-boxed e-con e-child\" data-id=\"2d6cba2\" data-element_type=\"container\" data-e-type=\"container\">\n\t\t\t\t\t<div class=\"e-con-inner\">\n\t\t\t\t<div class=\"elementor-element elementor-element-ffc6be8 elementor-widget-mobile__width-inherit elementor-widget elementor-widget-image-box\" data-id=\"ffc6be8\" data-element_type=\"widget\" data-e-type=\"widget\" data-settings=\"{&quot;_animation&quot;:&quot;none&quot;}\" data-widget_type=\"image-box.default\">\n\t\t\t\t<div class=\"elementor-widget-container\">\n\t\t\t\t\t<div class=\"elementor-image-box-wrapper\"><div class=\"elementor-image-box-content\"><h4 class=\"elementor-image-box-title\">Behandlung<\/h4><p class=\"elementor-image-box-description\">Nach Abschluss der Diagnostik werden wir die Befunde und unsere Einsch\u00e4tzung besprechen.<br>Wir geben Ihnen Empfehlungen f\u00fcr die weitere Behandlung und erstellen einen Therapieplan.\n<br><br>Hier einige Beispiele:\n<ul><li>vertiefte Diagnostik <\/li>\n<li>Beratungstermine f\u00fcr die Bezugspersonen\n<li>Information \u00fcber die Erkrankung und den Umgang damit (Psychoedukation)\n<li>Einzelgespr\u00e4che in gr\u00f6\u00dferen Abst\u00e4nden\n<li>Teilnahme an einer gruppentherapeutischen Ma\u00dfnahme\n<li>langfristige Begleitung, Hilfe in Krisensituationen\n<li>Verordnung von Heilmitteln (Ergo-, Logo-, Physiotherapie)\n<li>\u00e4rztliche Untersuchungen und Aufkl\u00e4rung vor einer Medikation\n<li>regelm\u00e4\u00dfige (alle 2-3 Monate) \u00e4rztliche Kontrolltermine bei der Verordnung von Heilmitteln oder Medikamenten\n<li>Termine zur Beratung und Verlaufsbeurteilung\n<li>Beratung und Zusammenarbeit der Kinderpsychiater und Therapeuten mit beteiligten Institutionen (z. B. Schulen, Jugend\u00e4mter, Therapeuten, \u00c4rzten, Kliniken)\n<li>Beratung und Begleitung bis zum Beginn einer Richtlinien-Psychotherapie\n<\/p><\/div><\/div>\t\t\t\t<\/div>\n\t\t\t\t<\/div>\n\t\t\t\t<div class=\"elementor-element elementor-element-fcfe2db elementor-invisible elementor-widget elementor-widget-image-box\" data-id=\"fcfe2db\" data-element_type=\"widget\" data-e-type=\"widget\" data-settings=\"{&quot;_animation&quot;:&quot;fadeInDown&quot;}\" data-widget_type=\"image-box.default\">\n\t\t\t\t<div class=\"elementor-widget-container\">\n\t\t\t\t\t<div class=\"elementor-image-box-wrapper\"><div class=\"elementor-image-box-content\"><h4 class=\"elementor-image-box-title\">Termindauer<\/h4><p class=\"elementor-image-box-description\"><b>Gespr\u00e4chstermine im Rahmen der Erstdiagnostik<\/b><br>\n60 Minuten<br><br>\n<b>Verlaufskontrollen und Medikamentensprechstunden<\/b><br>\n30 Minuten<br><br>\n<b>Gruppentermine<\/b><br>\n100 Minuten\n<br><br>\nBei Medikamentensprechstunden werden wichtige Messwerte wie Gr\u00f6\u00dfe, Gewicht, Blutdruck und Herzfrequenz erhoben. Dies dient der \u00dcberpr\u00fcfung des Verlaufs und der angemessenen Dosierung sowie der Vertr\u00e4glichkeit von Medikamenten oder der weiteren Notwendigkeit von Heilmittelverordnungen.\nFalls eine weitere Diagnostik oder Gespr\u00e4che n\u00f6tig sind, werden diese bei diesem Termin vereinbart.\n<\/p><\/div><\/div>\t\t\t\t<\/div>\n\t\t\t\t<\/div>\n\t\t\t\t\t<\/div>\n\t\t\t\t<\/div>\n\t\t\t\t<\/div>\n\t\t\t\t<\/div>\n\t\t","protected":false},"excerpt":{"rendered":"<p>Behandlung Nach Abschluss der Diagnostik werden wir die Befunde und unsere Einsch\u00e4tzung besprechen.Wir geben Ihnen Empfehlungen f\u00fcr die weitere Behandlung und erstellen einen Therapieplan. Hier einige Beispiele: vertiefte Diagnostik Beratungstermine f\u00fcr die Bezugspersonen Information \u00fcber die Erkrankung und den Umgang damit (Psychoedukation) Einzelgespr\u00e4che in gr\u00f6\u00dferen Abst\u00e4nden Teilnahme an einer gruppentherapeutischen Ma\u00dfnahme langfristige Begleitung, Hilfe in [&hellip;]<\/p>\n","protected":false},"author":1,"featured_media":0,"parent":0,"menu_order":0,"comment_status":"closed","ping_status":"closed","template":"","meta":{"footnotes":""},"class_list":["post-551","page","type-page","status-publish","hentry"],"yoast_head":"<!-- This site is optimized with the Yoast SEO plugin v27.5 - https:\/\/yoast.com\/product\/yoast-seo-wordpress\/ -->\n<title>Behandlung - KJP Aachen<\/title>\n<meta name=\"robots\" content=\"index, follow, max-snippet:-1, max-image-preview:large, max-video-preview:-1\" \/>\n<link rel=\"canonical\" href=\"https:\/\/kjp-aachen.de\/?page_id=551\" \/>\n<meta property=\"og:locale\" content=\"de_DE\" \/>\n<meta property=\"og:type\" content=\"article\" \/>\n<meta property=\"og:title\" content=\"Behandlung - KJP Aachen\" \/>\n<meta property=\"og:description\" content=\"Behandlung Nach Abschluss der Diagnostik werden wir die Befunde und unsere Einsch\u00e4tzung besprechen.Wir geben Ihnen Empfehlungen f\u00fcr die weitere Behandlung und erstellen einen Therapieplan. Hier einige Beispiele: vertiefte Diagnostik Beratungstermine f\u00fcr die Bezugspersonen Information \u00fcber die Erkrankung und den Umgang damit (Psychoedukation) Einzelgespr\u00e4che in gr\u00f6\u00dferen Abst\u00e4nden Teilnahme an einer gruppentherapeutischen Ma\u00dfnahme langfristige Begleitung, Hilfe in [&hellip;]\" \/>\n<meta property=\"og:url\" content=\"https:\/\/kjp-aachen.de\/?page_id=551\" \/>\n<meta property=\"og:site_name\" content=\"KJP Aachen\" \/>\n<meta property=\"article:modified_time\" content=\"2025-03-19T08:59:06+00:00\" \/>\n<meta property=\"og:image\" content=\"https:\/\/kjp-aachen.de\/wp-content\/uploads\/2023\/09\/KJP_AC_Logo_Bez_RGB_800px.png\" \/>\n\t<meta property=\"og:image:width\" content=\"1000\" \/>\n\t<meta property=\"og:image:height\" content=\"471\" \/>\n\t<meta property=\"og:image:type\" content=\"image\/png\" \/>\n<meta name=\"twitter:card\" content=\"summary_large_image\" \/>\n<meta name=\"twitter:label1\" content=\"Gesch\u00e4tzte Lesezeit\" \/>\n\t<meta name=\"twitter:data1\" content=\"1\u00a0Minute\" \/>\n<script type=\"application\/ld+json\" class=\"yoast-schema-graph\">{\"@context\":\"https:\\\/\\\/schema.org\",\"@graph\":[{\"@type\":\"WebPage\",\"@id\":\"https:\\\/\\\/kjp-aachen.de\\\/?page_id=551\",\"url\":\"https:\\\/\\\/kjp-aachen.de\\\/?page_id=551\",\"name\":\"Behandlung - KJP Aachen\",\"isPartOf\":{\"@id\":\"https:\\\/\\\/kjp-aachen.de\\\/#website\"},\"datePublished\":\"2023-12-07T12:40:13+00:00\",\"dateModified\":\"2025-03-19T08:59:06+00:00\",\"breadcrumb\":{\"@id\":\"https:\\\/\\\/kjp-aachen.de\\\/?page_id=551#breadcrumb\"},\"inLanguage\":\"de\",\"potentialAction\":[{\"@type\":\"ReadAction\",\"target\":[\"https:\\\/\\\/kjp-aachen.de\\\/?page_id=551\"]}]},{\"@type\":\"BreadcrumbList\",\"@id\":\"https:\\\/\\\/kjp-aachen.de\\\/?page_id=551#breadcrumb\",\"itemListElement\":[{\"@type\":\"ListItem\",\"position\":1,\"name\":\"Startseite\",\"item\":\"https:\\\/\\\/kjp-aachen.de\\\/\"},{\"@type\":\"ListItem\",\"position\":2,\"name\":\"Behandlung\"}]},{\"@type\":\"WebSite\",\"@id\":\"https:\\\/\\\/kjp-aachen.de\\\/#website\",\"url\":\"https:\\\/\\\/kjp-aachen.de\\\/\",\"name\":\"KJP Aachen\",\"description\":\"Kinderpsychiater Aachen\",\"publisher\":{\"@id\":\"https:\\\/\\\/kjp-aachen.de\\\/#organization\"},\"potentialAction\":[{\"@type\":\"SearchAction\",\"target\":{\"@type\":\"EntryPoint\",\"urlTemplate\":\"https:\\\/\\\/kjp-aachen.de\\\/?s={search_term_string}\"},\"query-input\":{\"@type\":\"PropertyValueSpecification\",\"valueRequired\":true,\"valueName\":\"search_term_string\"}}],\"inLanguage\":\"de\"},{\"@type\":\"Organization\",\"@id\":\"https:\\\/\\\/kjp-aachen.de\\\/#organization\",\"name\":\"KJP Aachen\",\"url\":\"https:\\\/\\\/kjp-aachen.de\\\/\",\"logo\":{\"@type\":\"ImageObject\",\"inLanguage\":\"de\",\"@id\":\"https:\\\/\\\/kjp-aachen.de\\\/#\\\/schema\\\/logo\\\/image\\\/\",\"url\":\"https:\\\/\\\/kjp-aachen.de\\\/wp-content\\\/uploads\\\/2023\\\/09\\\/KJP_AC_Logo_RGB.png\",\"contentUrl\":\"https:\\\/\\\/kjp-aachen.de\\\/wp-content\\\/uploads\\\/2023\\\/09\\\/KJP_AC_Logo_RGB.png\",\"width\":549,\"height\":549,\"caption\":\"KJP Aachen\"},\"image\":{\"@id\":\"https:\\\/\\\/kjp-aachen.de\\\/#\\\/schema\\\/logo\\\/image\\\/\"}}]}<\/script>\n<!-- \/ Yoast SEO plugin. -->","yoast_head_json":{"title":"Behandlung - KJP Aachen","robots":{"index":"index","follow":"follow","max-snippet":"max-snippet:-1","max-image-preview":"max-image-preview:large","max-video-preview":"max-video-preview:-1"},"canonical":"https:\/\/kjp-aachen.de\/?page_id=551","og_locale":"de_DE","og_type":"article","og_title":"Behandlung - KJP Aachen","og_description":"Behandlung Nach Abschluss der Diagnostik werden wir die Befunde und unsere Einsch\u00e4tzung besprechen.Wir geben Ihnen Empfehlungen f\u00fcr die weitere Behandlung und erstellen einen Therapieplan. Hier einige Beispiele: vertiefte Diagnostik Beratungstermine f\u00fcr die Bezugspersonen Information \u00fcber die Erkrankung und den Umgang damit (Psychoedukation) Einzelgespr\u00e4che in gr\u00f6\u00dferen Abst\u00e4nden Teilnahme an einer gruppentherapeutischen Ma\u00dfnahme langfristige Begleitung, Hilfe in [&hellip;]","og_url":"https:\/\/kjp-aachen.de\/?page_id=551","og_site_name":"KJP Aachen","article_modified_time":"2025-03-19T08:59:06+00:00","og_image":[{"width":1000,"height":471,"url":"https:\/\/kjp-aachen.de\/wp-content\/uploads\/2023\/09\/KJP_AC_Logo_Bez_RGB_800px.png","type":"image\/png"}],"twitter_card":"summary_large_image","twitter_misc":{"Gesch\u00e4tzte Lesezeit":"1\u00a0Minute"},"schema":{"@context":"https:\/\/schema.org","@graph":[{"@type":"WebPage","@id":"https:\/\/kjp-aachen.de\/?page_id=551","url":"https:\/\/kjp-aachen.de\/?page_id=551","name":"Behandlung - KJP Aachen","isPartOf":{"@id":"https:\/\/kjp-aachen.de\/#website"},"datePublished":"2023-12-07T12:40:13+00:00","dateModified":"2025-03-19T08:59:06+00:00","breadcrumb":{"@id":"https:\/\/kjp-aachen.de\/?page_id=551#breadcrumb"},"inLanguage":"de","potentialAction":[{"@type":"ReadAction","target":["https:\/\/kjp-aachen.de\/?page_id=551"]}]},{"@type":"BreadcrumbList","@id":"https:\/\/kjp-aachen.de\/?page_id=551#breadcrumb","itemListElement":[{"@type":"ListItem","position":1,"name":"Startseite","item":"https:\/\/kjp-aachen.de\/"},{"@type":"ListItem","position":2,"name":"Behandlung"}]},{"@type":"WebSite","@id":"https:\/\/kjp-aachen.de\/#website","url":"https:\/\/kjp-aachen.de\/","name":"KJP Aachen","description":"Kinderpsychiater Aachen","publisher":{"@id":"https:\/\/kjp-aachen.de\/#organization"},"potentialAction":[{"@type":"SearchAction","target":{"@type":"EntryPoint","urlTemplate":"https:\/\/kjp-aachen.de\/?s={search_term_string}"},"query-input":{"@type":"PropertyValueSpecification","valueRequired":true,"valueName":"search_term_string"}}],"inLanguage":"de"},{"@type":"Organization","@id":"https:\/\/kjp-aachen.de\/#organization","name":"KJP Aachen","url":"https:\/\/kjp-aachen.de\/","logo":{"@type":"ImageObject","inLanguage":"de","@id":"https:\/\/kjp-aachen.de\/#\/schema\/logo\/image\/","url":"https:\/\/kjp-aachen.de\/wp-content\/uploads\/2023\/09\/KJP_AC_Logo_RGB.png","contentUrl":"https:\/\/kjp-aachen.de\/wp-content\/uploads\/2023\/09\/KJP_AC_Logo_RGB.png","width":549,"height":549,"caption":"KJP Aachen"},"image":{"@id":"https:\/\/kjp-aachen.de\/#\/schema\/logo\/image\/"}}]}},"_links":{"self":[{"href":"https:\/\/kjp-aachen.de\/index.php?rest_route=\/wp\/v2\/pages\/551","targetHints":{"allow":["GET"]}}],"collection":[{"href":"https:\/\/kjp-aachen.de\/index.php?rest_route=\/wp\/v2\/pages"}],"about":[{"href":"https:\/\/kjp-aachen.de\/index.php?rest_route=\/wp\/v2\/types\/page"}],"author":[{"embeddable":true,"href":"https:\/\/kjp-aachen.de\/index.php?rest_route=\/wp\/v2\/users\/1"}],"replies":[{"embeddable":true,"href":"https:\/\/kjp-aachen.de\/index.php?rest_route=%2Fwp%2Fv2%2Fcomments&post=551"}],"version-history":[{"count":10,"href":"https:\/\/kjp-aachen.de\/index.php?rest_route=\/wp\/v2\/pages\/551\/revisions"}],"predecessor-version":[{"id":1385,"href":"https:\/\/kjp-aachen.de\/index.php?rest_route=\/wp\/v2\/pages\/551\/revisions\/1385"}],"wp:attachment":[{"href":"https:\/\/kjp-aachen.de\/index.php?rest_route=%2Fwp%2Fv2%2Fmedia&parent=551"}],"curies":[{"name":"wp","href":"https:\/\/api.w.org\/{rel}","templated":true}]}}