{"id":573,"date":"2023-12-07T14:11:44","date_gmt":"2023-12-07T13:11:44","guid":{"rendered":"https:\/\/kjp-aachen.de\/?page_id=573"},"modified":"2025-03-19T11:43:11","modified_gmt":"2025-03-19T10:43:11","slug":"rezeptbestellung","status":"publish","type":"page","link":"https:\/\/kjp-aachen.de\/?page_id=573","title":{"rendered":"Rezeptbestellung"},"content":{"rendered":"\t\t<div data-elementor-type=\"wp-page\" data-elementor-id=\"573\" class=\"elementor elementor-573\" data-elementor-post-type=\"page\">\n\t\t\t\t<div class=\"elementor-element elementor-element-2b7722d e-con-full e-flex e-con e-parent\" data-id=\"2b7722d\" data-element_type=\"container\" data-e-type=\"container\" data-settings=\"{&quot;background_background&quot;:&quot;classic&quot;}\">\n\t\t<div class=\"elementor-element elementor-element-d47366e e-con-full e-flex e-con e-child\" data-id=\"d47366e\" data-element_type=\"container\" data-e-type=\"container\" data-settings=\"{&quot;animation&quot;:&quot;none&quot;}\">\n\t\t\t\t<div class=\"elementor-element elementor-element-c421889 elementor-widget elementor-widget-heading\" data-id=\"c421889\" data-element_type=\"widget\" data-e-type=\"widget\" data-widget_type=\"heading.default\">\n\t\t\t\t<div class=\"elementor-widget-container\">\n\t\t\t\t\t<h1 class=\"elementor-heading-title elementor-size-default\">Rezeptbestellung<\/h1>\t\t\t\t<\/div>\n\t\t\t\t<\/div>\n\t\t\t\t<div class=\"elementor-element elementor-element-258dd51 elementor-widget elementor-widget-text-editor\" data-id=\"258dd51\" data-element_type=\"widget\" data-e-type=\"widget\" data-widget_type=\"text-editor.default\">\n\t\t\t\t<div class=\"elementor-widget-container\">\n\t\t\t\t\t\t\t\t\t<p><strong>Medikamente<\/strong><\/p><p>Bestellte Rezepte oder Heilmittelverordnungen k\u00f6nnen in der Regel am folgenden Werktag zu unseren Sprechzeiten abgeholt werden.<\/p><p>Bitte beachten Sie, dass f\u00fcr die Ausstellung eines Rezeptes die g\u00fcltige Versichertenkarte des Patienten im aktuellen Quartal bei uns eingelesen sein muss. Ohne dieses Einlesen ist die Ausstellung eines Rezeptes leider nicht m\u00f6glich.<\/p>\t\t\t\t\t\t\t\t<\/div>\n\t\t\t\t<\/div>\n\t\t\t\t<div class=\"elementor-element elementor-element-c087ed5 elementor-widget elementor-widget-text-editor\" data-id=\"c087ed5\" data-element_type=\"widget\" data-e-type=\"widget\" data-widget_type=\"text-editor.default\">\n\t\t\t\t<div class=\"elementor-widget-container\">\n\t\t\t\t\t\t\t\t\t<p><strong>Ergotherapie,\u00a0 Logop\u00e4die oder\u00a0 Physiotherapie<\/strong><\/p><p>Bitte lassen Sie keinesfalls schon \u201eneue Termine\u201c stattfinden, ohne eine Verordnung zu haben. Sie laufen sonst Gefahr, die Kosten selbst tragen zu m\u00fcssen.<\/p>\t\t\t\t\t\t\t\t<\/div>\n\t\t\t\t<\/div>\n\t\t\t\t<div class=\"elementor-element elementor-element-8b40c8d elementor-widget elementor-widget-text-editor\" data-id=\"8b40c8d\" data-element_type=\"widget\" data-e-type=\"widget\" data-widget_type=\"text-editor.default\">\n\t\t\t\t<div class=\"elementor-widget-container\">\n\t\t\t\t\t\t\t\t\t<p><strong>Hinweis BTM-Rezepte<\/strong><\/p><p>Rezepte k\u00f6nnen nur pers\u00f6nlich abgeholt werden. Falls Sie die Abholung nicht selbst vornehmen k\u00f6nnen, bitten wir Sie, der abholenden, vollj\u00e4hrigen Person eine schriftliche Vollmacht mitzugeben.\u00a0<\/p><p>Bitte beachten Sie, dass BTM-Rezepte nur 7 Tage ab dem Ausstellungsdatum g\u00fcltig sind.<\/p>\t\t\t\t\t\t\t\t<\/div>\n\t\t\t\t<\/div>\n\t\t\t\t<div class=\"elementor-element elementor-element-444f851 elementor-widget__width-inherit elementor-widget elementor-widget-text-editor\" data-id=\"444f851\" data-element_type=\"widget\" data-e-type=\"widget\" data-widget_type=\"text-editor.default\">\n\t\t\t\t<div class=\"elementor-widget-container\">\n\t\t\t\t\t\t\t\t\t<p><strong>Hier k\u00f6nnen Sie ein Wiederholungsrezept \/ eine Folgeverordnung bestellen:<\/strong><\/p><p><span style=\"color: var( --e-global-color-text ); font-family: var( --e-global-typography-text-font-family ), Sans-serif; font-size: var( --e-global-typography-text-font-size ); font-weight: var( --e-global-typography-text-font-weight ); text-align: var(--text-align);\">Bestellte Rezepte k\u00f6nnen in der Regel am n\u00e4chsten Werktag zu unseren \u00d6ffnungszeiten abgeholt werden.<\/span><\/p><p><span style=\"color: var( --e-global-color-text ); font-family: var( --e-global-typography-text-font-family ), Sans-serif; font-size: var( --e-global-typography-text-font-size ); font-weight: var( --e-global-typography-text-font-weight ); text-align: var(--text-align);\">\u00a0<\/span><\/p><p><span style=\"color: var( --e-global-color-text ); font-family: var( --e-global-typography-text-font-family ), Sans-serif; font-size: var( --e-global-typography-text-font-size ); font-weight: var( --e-global-typography-text-font-weight ); text-align: var(--text-align);\">\n<div class=\"wpcf7 no-js\" id=\"wpcf7-f581-o1\" lang=\"de-DE\" dir=\"ltr\" data-wpcf7-id=\"581\">\n<div class=\"screen-reader-response\"><p role=\"status\" aria-live=\"polite\" aria-atomic=\"true\"><\/p> <ul><\/ul><\/div>\n<form action=\"\/index.php?rest_route=%2Fwp%2Fv2%2Fpages%2F573#wpcf7-f581-o1\" method=\"post\" class=\"wpcf7-form init\" aria-label=\"Kontaktformular\" novalidate=\"novalidate\" data-status=\"init\">\n<fieldset class=\"hidden-fields-container\"><input type=\"hidden\" name=\"_wpcf7\" value=\"581\" \/><input type=\"hidden\" name=\"_wpcf7_version\" value=\"6.1.5\" \/><input type=\"hidden\" name=\"_wpcf7_locale\" value=\"de_DE\" \/><input type=\"hidden\" name=\"_wpcf7_unit_tag\" value=\"wpcf7-f581-o1\" \/><input type=\"hidden\" name=\"_wpcf7_container_post\" value=\"0\" \/><input type=\"hidden\" name=\"_wpcf7_posted_data_hash\" value=\"\" \/>\n<\/fieldset>\n<p><label> Nachname des Patienten \/ der Patientin<br \/>\n<span class=\"wpcf7-form-control-wrap\" data-name=\"pat-nachname\"><input size=\"40\" maxlength=\"400\" class=\"wpcf7-form-control wpcf7-text wpcf7-validates-as-required\" autocomplete=\"name\" aria-required=\"true\" aria-invalid=\"false\" value=\"\" type=\"text\" name=\"pat-nachname\" \/><\/span> <\/label>\n<\/p>\n<p><label> Vorname des Patienten \/ der Patientin<br \/>\n<span class=\"wpcf7-form-control-wrap\" data-name=\"pat-vorname\"><input size=\"40\" maxlength=\"400\" class=\"wpcf7-form-control wpcf7-text wpcf7-validates-as-required\" autocomplete=\"vorname\" aria-required=\"true\" aria-invalid=\"false\" value=\"\" type=\"text\" name=\"pat-vorname\" \/><\/span> <\/label>\n<\/p>\n<p><label> Name des Bestellers \/ der Bestellerin<br \/>\n<span class=\"wpcf7-form-control-wrap\" data-name=\"besteller-nachname\"><input size=\"40\" maxlength=\"400\" class=\"wpcf7-form-control wpcf7-text wpcf7-validates-as-required\" autocomplete=\"name\" aria-required=\"true\" aria-invalid=\"false\" value=\"\" type=\"text\" name=\"besteller-nachname\" \/><\/span> <\/label>\n<\/p>\n<p><label> Vorname des Bestellers \/ der Bestellerin<br \/>\n<span class=\"wpcf7-form-control-wrap\" data-name=\"besteller-vorname\"><input size=\"40\" maxlength=\"400\" class=\"wpcf7-form-control wpcf7-text wpcf7-validates-as-required\" autocomplete=\"vorname\" aria-required=\"true\" aria-invalid=\"false\" value=\"\" type=\"text\" name=\"besteller-vorname\" \/><\/span> <\/label>\n<\/p>\n<p><label> E-Mail-Adresse<br \/>\n<span class=\"wpcf7-form-control-wrap\" data-name=\"your-email\"><input size=\"40\" maxlength=\"400\" class=\"wpcf7-form-control wpcf7-email wpcf7-validates-as-required wpcf7-text wpcf7-validates-as-email\" autocomplete=\"email\" aria-required=\"true\" aria-invalid=\"false\" value=\"\" type=\"email\" name=\"your-email\" \/><\/span> <\/label><br \/>\n<label><br \/>\n<\/label><label> Telefonnummer<br \/>\n<span class=\"wpcf7-form-control-wrap\" data-name=\"tel-456\"><input size=\"40\" maxlength=\"400\" class=\"wpcf7-form-control wpcf7-tel wpcf7-validates-as-required wpcf7-text wpcf7-validates-as-tel\" aria-required=\"true\" aria-invalid=\"false\" value=\"\" type=\"tel\" name=\"tel-456\" \/><\/span> <\/label><br \/>\n<label><br \/>\n<\/label><label> Welche Medikamente ben\u00f6tigen Sie?<br \/>\n<span class=\"wpcf7-form-control-wrap\" data-name=\"medikamente\"><textarea cols=\"40\" rows=\"10\" maxlength=\"2000\" class=\"wpcf7-form-control wpcf7-textarea wpcf7-validates-as-required\" aria-required=\"true\" aria-invalid=\"false\" name=\"medikamente\"><\/textarea><\/span> <\/label>\n<\/p>\n<p><label> <span class=\"wpcf7-form-control-wrap\" data-name=\"acceptance-332\"><span class=\"wpcf7-form-control wpcf7-acceptance\"><span class=\"wpcf7-list-item\"><input type=\"checkbox\" name=\"acceptance-332\" value=\"1\" aria-invalid=\"false\" \/><\/span><\/span><\/span>&ensp;Ich habe die <a href=\"https:\/\/kjp-aachen.de\/?page_id=94\">Datenschutzerkl\u00e4rung<\/a> zur Kenntnis genommen und akzeptiert.<br \/>\nIch stimme zu, dass meine Formularangaben zur Kontaktaufnahme bzw. zur Bearbeitung meines Anliegens gespeichert werden.<br \/>\n<\/label>\n<\/p>\n<p><span id=\"wpcf7-69f36679caa51-wrapper\" class=\"wpcf7-form-control-wrap spam-schutz-wrap\" style=\"display:none !important; visibility:hidden !important;\"><label for=\"wpcf7-69f36679caa51-field\" class=\"hp-message\">Bitte lasse dieses Feld leer.<\/label><input id=\"wpcf7-69f36679caa51-field\"  class=\"wpcf7-form-control wpcf7-text\" type=\"text\" name=\"spam-schutz\" value=\"\" size=\"40\" tabindex=\"-1\" autocomplete=\"new-password\" \/><\/span>\n<\/p>\n<p><input class=\"wpcf7-form-control wpcf7-submit has-spinner\" type=\"submit\" value=\"Senden\" \/>\n<\/p><div class=\"wpcf7-response-output\" aria-hidden=\"true\"><\/div>\n<\/form>\n<\/div>\n<\/span><\/p>\t\t\t\t\t\t\t\t<\/div>\n\t\t\t\t<\/div>\n\t\t\t\t<\/div>\n\t\t\t\t<\/div>\n\t\t\t\t<\/div>\n\t\t","protected":false},"excerpt":{"rendered":"<p>Rezeptbestellung Medikamente Bestellte Rezepte oder Heilmittelverordnungen k\u00f6nnen in der Regel am folgenden Werktag zu unseren Sprechzeiten abgeholt werden. Bitte beachten Sie, dass f\u00fcr die Ausstellung eines Rezeptes die g\u00fcltige Versichertenkarte des Patienten im aktuellen Quartal bei uns eingelesen sein muss. Ohne dieses Einlesen ist die Ausstellung eines Rezeptes leider nicht m\u00f6glich. Ergotherapie,\u00a0 Logop\u00e4die oder\u00a0 Physiotherapie [&hellip;]<\/p>\n","protected":false},"author":1,"featured_media":0,"parent":0,"menu_order":0,"comment_status":"closed","ping_status":"closed","template":"","meta":{"footnotes":""},"class_list":["post-573","page","type-page","status-publish","hentry"],"yoast_head":"<!-- This site is optimized with the Yoast SEO plugin v27.5 - https:\/\/yoast.com\/product\/yoast-seo-wordpress\/ -->\n<title>Rezeptbestellung - KJP Aachen<\/title>\n<meta name=\"robots\" content=\"index, follow, max-snippet:-1, max-image-preview:large, max-video-preview:-1\" \/>\n<link rel=\"canonical\" href=\"https:\/\/kjp-aachen.de\/?page_id=573\" \/>\n<meta property=\"og:locale\" content=\"de_DE\" \/>\n<meta property=\"og:type\" content=\"article\" \/>\n<meta property=\"og:title\" content=\"Rezeptbestellung - KJP Aachen\" \/>\n<meta property=\"og:description\" content=\"Rezeptbestellung Medikamente Bestellte Rezepte oder Heilmittelverordnungen k\u00f6nnen in der Regel am folgenden Werktag zu unseren Sprechzeiten abgeholt werden. Bitte beachten Sie, dass f\u00fcr die Ausstellung eines Rezeptes die g\u00fcltige Versichertenkarte des Patienten im aktuellen Quartal bei uns eingelesen sein muss. Ohne dieses Einlesen ist die Ausstellung eines Rezeptes leider nicht m\u00f6glich. Ergotherapie,\u00a0 Logop\u00e4die oder\u00a0 Physiotherapie [&hellip;]\" \/>\n<meta property=\"og:url\" content=\"https:\/\/kjp-aachen.de\/?page_id=573\" \/>\n<meta property=\"og:site_name\" content=\"KJP Aachen\" \/>\n<meta property=\"article:modified_time\" content=\"2025-03-19T10:43:11+00:00\" \/>\n<meta property=\"og:image\" content=\"https:\/\/kjp-aachen.de\/wp-content\/uploads\/2023\/09\/KJP_AC_Logo_Bez_RGB_800px.png\" \/>\n\t<meta property=\"og:image:width\" content=\"1000\" \/>\n\t<meta property=\"og:image:height\" content=\"471\" \/>\n\t<meta property=\"og:image:type\" content=\"image\/png\" \/>\n<meta name=\"twitter:card\" content=\"summary_large_image\" \/>\n<meta name=\"twitter:label1\" content=\"Gesch\u00e4tzte Lesezeit\" \/>\n\t<meta name=\"twitter:data1\" content=\"2\u00a0Minuten\" \/>\n<script type=\"application\/ld+json\" class=\"yoast-schema-graph\">{\"@context\":\"https:\\\/\\\/schema.org\",\"@graph\":[{\"@type\":\"WebPage\",\"@id\":\"https:\\\/\\\/kjp-aachen.de\\\/?page_id=573\",\"url\":\"https:\\\/\\\/kjp-aachen.de\\\/?page_id=573\",\"name\":\"Rezeptbestellung - KJP Aachen\",\"isPartOf\":{\"@id\":\"https:\\\/\\\/kjp-aachen.de\\\/#website\"},\"datePublished\":\"2023-12-07T13:11:44+00:00\",\"dateModified\":\"2025-03-19T10:43:11+00:00\",\"breadcrumb\":{\"@id\":\"https:\\\/\\\/kjp-aachen.de\\\/?page_id=573#breadcrumb\"},\"inLanguage\":\"de\",\"potentialAction\":[{\"@type\":\"ReadAction\",\"target\":[\"https:\\\/\\\/kjp-aachen.de\\\/?page_id=573\"]}]},{\"@type\":\"BreadcrumbList\",\"@id\":\"https:\\\/\\\/kjp-aachen.de\\\/?page_id=573#breadcrumb\",\"itemListElement\":[{\"@type\":\"ListItem\",\"position\":1,\"name\":\"Startseite\",\"item\":\"https:\\\/\\\/kjp-aachen.de\\\/\"},{\"@type\":\"ListItem\",\"position\":2,\"name\":\"Rezeptbestellung\"}]},{\"@type\":\"WebSite\",\"@id\":\"https:\\\/\\\/kjp-aachen.de\\\/#website\",\"url\":\"https:\\\/\\\/kjp-aachen.de\\\/\",\"name\":\"KJP Aachen\",\"description\":\"Kinderpsychiater Aachen\",\"publisher\":{\"@id\":\"https:\\\/\\\/kjp-aachen.de\\\/#organization\"},\"potentialAction\":[{\"@type\":\"SearchAction\",\"target\":{\"@type\":\"EntryPoint\",\"urlTemplate\":\"https:\\\/\\\/kjp-aachen.de\\\/?s={search_term_string}\"},\"query-input\":{\"@type\":\"PropertyValueSpecification\",\"valueRequired\":true,\"valueName\":\"search_term_string\"}}],\"inLanguage\":\"de\"},{\"@type\":\"Organization\",\"@id\":\"https:\\\/\\\/kjp-aachen.de\\\/#organization\",\"name\":\"KJP Aachen\",\"url\":\"https:\\\/\\\/kjp-aachen.de\\\/\",\"logo\":{\"@type\":\"ImageObject\",\"inLanguage\":\"de\",\"@id\":\"https:\\\/\\\/kjp-aachen.de\\\/#\\\/schema\\\/logo\\\/image\\\/\",\"url\":\"https:\\\/\\\/kjp-aachen.de\\\/wp-content\\\/uploads\\\/2023\\\/09\\\/KJP_AC_Logo_RGB.png\",\"contentUrl\":\"https:\\\/\\\/kjp-aachen.de\\\/wp-content\\\/uploads\\\/2023\\\/09\\\/KJP_AC_Logo_RGB.png\",\"width\":549,\"height\":549,\"caption\":\"KJP Aachen\"},\"image\":{\"@id\":\"https:\\\/\\\/kjp-aachen.de\\\/#\\\/schema\\\/logo\\\/image\\\/\"}}]}<\/script>\n<!-- \/ Yoast SEO plugin. -->","yoast_head_json":{"title":"Rezeptbestellung - KJP Aachen","robots":{"index":"index","follow":"follow","max-snippet":"max-snippet:-1","max-image-preview":"max-image-preview:large","max-video-preview":"max-video-preview:-1"},"canonical":"https:\/\/kjp-aachen.de\/?page_id=573","og_locale":"de_DE","og_type":"article","og_title":"Rezeptbestellung - KJP Aachen","og_description":"Rezeptbestellung Medikamente Bestellte Rezepte oder Heilmittelverordnungen k\u00f6nnen in der Regel am folgenden Werktag zu unseren Sprechzeiten abgeholt werden. Bitte beachten Sie, dass f\u00fcr die Ausstellung eines Rezeptes die g\u00fcltige Versichertenkarte des Patienten im aktuellen Quartal bei uns eingelesen sein muss. Ohne dieses Einlesen ist die Ausstellung eines Rezeptes leider nicht m\u00f6glich. Ergotherapie,\u00a0 Logop\u00e4die oder\u00a0 Physiotherapie [&hellip;]","og_url":"https:\/\/kjp-aachen.de\/?page_id=573","og_site_name":"KJP Aachen","article_modified_time":"2025-03-19T10:43:11+00:00","og_image":[{"width":1000,"height":471,"url":"https:\/\/kjp-aachen.de\/wp-content\/uploads\/2023\/09\/KJP_AC_Logo_Bez_RGB_800px.png","type":"image\/png"}],"twitter_card":"summary_large_image","twitter_misc":{"Gesch\u00e4tzte Lesezeit":"2\u00a0Minuten"},"schema":{"@context":"https:\/\/schema.org","@graph":[{"@type":"WebPage","@id":"https:\/\/kjp-aachen.de\/?page_id=573","url":"https:\/\/kjp-aachen.de\/?page_id=573","name":"Rezeptbestellung - KJP Aachen","isPartOf":{"@id":"https:\/\/kjp-aachen.de\/#website"},"datePublished":"2023-12-07T13:11:44+00:00","dateModified":"2025-03-19T10:43:11+00:00","breadcrumb":{"@id":"https:\/\/kjp-aachen.de\/?page_id=573#breadcrumb"},"inLanguage":"de","potentialAction":[{"@type":"ReadAction","target":["https:\/\/kjp-aachen.de\/?page_id=573"]}]},{"@type":"BreadcrumbList","@id":"https:\/\/kjp-aachen.de\/?page_id=573#breadcrumb","itemListElement":[{"@type":"ListItem","position":1,"name":"Startseite","item":"https:\/\/kjp-aachen.de\/"},{"@type":"ListItem","position":2,"name":"Rezeptbestellung"}]},{"@type":"WebSite","@id":"https:\/\/kjp-aachen.de\/#website","url":"https:\/\/kjp-aachen.de\/","name":"KJP Aachen","description":"Kinderpsychiater Aachen","publisher":{"@id":"https:\/\/kjp-aachen.de\/#organization"},"potentialAction":[{"@type":"SearchAction","target":{"@type":"EntryPoint","urlTemplate":"https:\/\/kjp-aachen.de\/?s={search_term_string}"},"query-input":{"@type":"PropertyValueSpecification","valueRequired":true,"valueName":"search_term_string"}}],"inLanguage":"de"},{"@type":"Organization","@id":"https:\/\/kjp-aachen.de\/#organization","name":"KJP Aachen","url":"https:\/\/kjp-aachen.de\/","logo":{"@type":"ImageObject","inLanguage":"de","@id":"https:\/\/kjp-aachen.de\/#\/schema\/logo\/image\/","url":"https:\/\/kjp-aachen.de\/wp-content\/uploads\/2023\/09\/KJP_AC_Logo_RGB.png","contentUrl":"https:\/\/kjp-aachen.de\/wp-content\/uploads\/2023\/09\/KJP_AC_Logo_RGB.png","width":549,"height":549,"caption":"KJP Aachen"},"image":{"@id":"https:\/\/kjp-aachen.de\/#\/schema\/logo\/image\/"}}]}},"_links":{"self":[{"href":"https:\/\/kjp-aachen.de\/index.php?rest_route=\/wp\/v2\/pages\/573","targetHints":{"allow":["GET"]}}],"collection":[{"href":"https:\/\/kjp-aachen.de\/index.php?rest_route=\/wp\/v2\/pages"}],"about":[{"href":"https:\/\/kjp-aachen.de\/index.php?rest_route=\/wp\/v2\/types\/page"}],"author":[{"embeddable":true,"href":"https:\/\/kjp-aachen.de\/index.php?rest_route=\/wp\/v2\/users\/1"}],"replies":[{"embeddable":true,"href":"https:\/\/kjp-aachen.de\/index.php?rest_route=%2Fwp%2Fv2%2Fcomments&post=573"}],"version-history":[{"count":10,"href":"https:\/\/kjp-aachen.de\/index.php?rest_route=\/wp\/v2\/pages\/573\/revisions"}],"predecessor-version":[{"id":1425,"href":"https:\/\/kjp-aachen.de\/index.php?rest_route=\/wp\/v2\/pages\/573\/revisions\/1425"}],"wp:attachment":[{"href":"https:\/\/kjp-aachen.de\/index.php?rest_route=%2Fwp%2Fv2%2Fmedia&parent=573"}],"curies":[{"name":"wp","href":"https:\/\/api.w.org\/{rel}","templated":true}]}}